
{"id":1056,"date":"2020-02-03T16:35:28","date_gmt":"2020-02-03T16:35:28","guid":{"rendered":"https:\/\/ebsm.pt\/base\/?page_id=1056"},"modified":"2022-06-03T13:26:11","modified_gmt":"2022-06-03T13:26:11","slug":"o-tristao","status":"publish","type":"page","link":"https:\/\/ebsm.pt\/base\/?page_id=1056","title":{"rendered":"O Trist\u00e3o &#8211; Jornal escolar"},"content":{"rendered":"\n<p>O Jornal Trist\u00e3o tem por objetivo envolver a comunidade escolar veiculando as informa\u00e7\u00f5es e acontecimentos mais importantes ocorridos tanto na escola como na comunidade local; ser um meio de aproxima\u00e7\u00e3o entre a escola a comunidade que a integra. <\/p>\n\n\n\n<figure class=\"wp-block-table\"><table border=\"0\" bgcolor=\"#FFFFFF\" rules=\"none\" class=\"\"><tbody>\n\t\n\t<tr>\n\t<td class=\"has-text-align-center\" data-align=\"center\"> <br>\t\n\t<\/td>\n\t\t\n\t<td class=\"has-text-align-center\" data-align=\"center\"><\/td>\t\t\t\n\t\t\n\t<td class=\"has-text-align-center\" data-align=\"center\"> 55 .\u00aa edi\u00e7\u00e3o<br>\n\t<a href=\"https:\/\/www.calameo.com\/books\/000044690a4e57a87d3d5\" target=\"_blank\" rel=\"noreferrer noopener\" aria-label=\"\ufffc (abre num novo separador)\">\n\t\t<img decoding=\"async\" class=\"wp-image-1547\" style=\"width: 150px;\" src=\"https:\/\/ebsm.pt\/base\/wp-content\/uploads\/2022\/06\/mini-Edicao-55-capa.jpg\" alt=\"\"><\/a><\/td>\n\t<\/tr>\n\t\n\t<tr>\n\t\n\t\n\t<tr>\n\t<td class=\"has-text-align-center\" data-align=\"center\"> 54 .\u00aa edi\u00e7\u00e3o<br>\t\n\t<a href=\"https:\/\/www.calameo.com\/books\/00004469019c4e0c837ac\" target=\"_blank\" rel=\"noreferrer noopener\" aria-label=\"\ufffc (abre num novo separador)\">\n\t\t\t<img decoding=\"async\" class=\"wp-image-1551\" style=\"width: 150px;\" src=\"https:\/\/ebsm.pt\/base\/wp-content\/uploads\/2022\/06\/mini-Edicao_54-capa.jpg\" alt=\"\"><\/a><\/td>\n\t\t\n\t<td class=\"has-text-align-center\" data-align=\"center\"> 53.\u00aa edi\u00e7\u00e3o<br>\n\t<a href=\"https:\/\/www.calameo.com\/books\/0000446905316cfe81618\" target=\"_blank\" rel=\"noreferrer noopener\" aria-label=\"\ufffc (abre num novo separador)\">\n\t\t\t<img decoding=\"async\" class=\"wp-image-1551\" style=\"width: 150px;\" src=\"https:\/\/ebsm.pt\/base\/wp-content\/uploads\/2022\/06\/mini-Edicao-53-capa.jpg\" alt=\"\"><\/a><\/td>\t\t\t\n\t\t\n\t<td class=\"has-text-align-center\" data-align=\"center\"> 52 .\u00aa edi\u00e7\u00e3o<br>\n\t<a href=\"https:\/\/www.calameo.com\/books\/0000446908d1d150d5a1d\" target=\"_blank\" rel=\"noreferrer noopener\" aria-label=\"\ufffc (abre num novo separador)\">\n\t\t<img decoding=\"async\" class=\"wp-image-1547\" style=\"width: 150px;\" src=\"https:\/\/ebsm.pt\/base\/wp-content\/uploads\/2022\/06\/mini-Edicao-52-capa.jpg\" alt=\"\"><\/a><\/td>\n\t<\/tr>\n\t\n\t\n\t<tr>\n\t\n\t<tr>\n\t<td class=\"has-text-align-center\" data-align=\"center\"> 51 .\u00aa edi\u00e7\u00e3o<br>\t\n\t<a href=\"https:\/\/www.calameo.com\/books\/000044690fe56f67511ed\" target=\"_blank\" rel=\"noreferrer noopener\" aria-label=\"\ufffc (abre num novo separador)\">\n\t\t\t<img decoding=\"async\" class=\"wp-image-1551\" style=\"width: 150px;\" src=\"https:\/\/ebsm.pt\/base\/wp-content\/uploads\/2022\/06\/mini-Edicao-51-capa.jpg\" alt=\"\"><\/a><\/td>\n\t\t\n\t<td class=\"has-text-align-center\" data-align=\"center\"> 50.\u00aa edi\u00e7\u00e3o<br>\n\t<a href=\"https:\/\/www.calameo.com\/books\/00004469087b9590cf820\" target=\"_blank\" rel=\"noreferrer noopener\" aria-label=\"\ufffc (abre num novo separador)\">\n\t\t\t<img decoding=\"async\" class=\"wp-image-1551\" style=\"width: 150px;\" src=\"https:\/\/ebsm.pt\/base\/wp-content\/uploads\/2022\/06\/mini-Edicao-50-capa1.jpg\" alt=\"\"><\/a><\/td>\t\n\t\n\t<td class=\"has-text-align-center\" data-align=\"center\"> 49 .\u00aa edi\u00e7\u00e3o<br>\n\t<a href=\"https:\/\/www.calameo.com\/books\/000044690de9b3c2f2891\" target=\"_blank\" rel=\"noreferrer noopener\" aria-label=\"\ufffc (abre num novo separador)\">\n\t\t<img decoding=\"async\" class=\"wp-image-1547\" style=\"width: 150px;\" src=\"https:\/\/ebsm.pt\/base\/wp-content\/uploads\/2020\/02\/cap_49.jpg\" alt=\"\"><\/a><\/td>\n\t<\/tr>\n\t\n\t<tr>\n\t\t<td class=\"has-text-align-center\" data-align=\"center\"> 48 .\u00aa edi\u00e7\u00e3o<br>\n\t\t<a href=\"https:\/\/pt.calameo.com\/read\/005804925dde0a3021e19\" target=\"_blank\" rel=\"noreferrer noopener\" aria-label=\"\ufffc (abre num novo separador)\">\n\t\t\t<img decoding=\"async\" class=\"wp-image-1551\" style=\"width: 150px;\" src=\"https:\/\/ebsm.pt\/base\/wp-content\/uploads\/2020\/02\/Edi\u00e7\u00e3o-48.jpg\" alt=\"\"><\/a><\/td>\n\t\t\n\t\t<td class=\"has-text-align-center\" data-align=\"center\"> 47 .\u00aa edi\u00e7\u00e3o<br>\n\t\t\t<a href=\"https:\/\/pt.calameo.com\/read\/005804925e03ea1cf3b03\" target=\"_blank\" rel=\"noreferrer noopener\" aria-label=\"\ufffc (abre num novo separador)\"><img decoding=\"async\" class=\"wp-image-1550\" style=\"width: 150px;\" src=\"https:\/\/ebsm.pt\/base\/wp-content\/uploads\/2020\/02\/Edi\u00e7\u00e3o-47.jpg\" alt=\"\"><\/a><\/td>\n\t\t\n\t\t<td class=\"has-text-align-center\" data-align=\"center\"> 46 .\u00aa edi\u00e7\u00e3o <br><a href=\"https:\/\/pt.calameo.com\/read\/0058049254e2d4eca426e\" target=\"_blank\" rel=\"noreferrer noopener\" aria-label=\"\ufffc (abre num novo separador)\"><img decoding=\"async\" class=\"wp-image-1549\" style=\"width: 150px;\" src=\"https:\/\/ebsm.pt\/base\/wp-content\/uploads\/2020\/02\/Edi\u00e7\u00e3o-46.jpg\" alt=\"\"><\/a><\/td><\/tr><tr><td class=\"has-text-align-center\" data-align=\"center\"> 45 .\u00aa edi\u00e7\u00e3o<br><a href=\"https:\/\/pt.calameo.com\/read\/00004469058e46305b2b7\" target=\"_blank\" rel=\"noreferrer noopener\" aria-label=\"\ufffc (abre num novo separador)\"><img decoding=\"async\" class=\"wp-image-1553\" style=\"width: 150px;\" src=\"https:\/\/ebsm.pt\/base\/wp-content\/uploads\/2020\/02\/Edi\u00e7\u00e3o-45.jpg\" alt=\"\"><\/a><\/td><td class=\"has-text-align-center\" data-align=\"center\"> 44 .\u00aa edi\u00e7\u00e3o<br><a href=\"https:\/\/pt.calameo.com\/read\/000044690b1fb17721bbe\" target=\"_blank\" rel=\"noreferrer noopener\" aria-label=\"\ufffc (abre num novo separador)\"><img decoding=\"async\" class=\"wp-image-1552\" style=\"width: 150px;\" src=\"https:\/\/ebsm.pt\/base\/wp-content\/uploads\/2020\/02\/Edi\u00e7\u00e3o-44_capa.jpg\" alt=\"\"><\/a> <\/td><td class=\"has-text-align-center\" data-align=\"center\">43 .\u00aa edi\u00e7\u00e3o<br> <a rel=\"noreferrer noopener\" aria-label=\"\ufffc (abre num novo separador)\" href=\"https:\/\/pt.calameo.com\/read\/0000446900822dad948f8\" target=\"_blank\"><img decoding=\"async\" class=\"wp-image-1548\" style=\"width: 150px;\" src=\"https:\/\/ebsm.pt\/base\/wp-content\/uploads\/2020\/02\/Capa-43_net.jpg\" alt=\"\"><\/a><\/td><\/tr><\/tbody><\/table><\/figure>\n","protected":false},"excerpt":{"rendered":"<p>O Jornal Trist\u00e3o tem por objetivo envolver a comunidade escolar veiculando as informa\u00e7\u00f5es e acontecimentos mais importantes ocorridos tanto na escola como na comunidade local; ser um meio de aproxima\u00e7\u00e3o entre a escola a comunidade que a integra. 55 .\u00aa edi\u00e7\u00e3o 54 .\u00aa edi\u00e7\u00e3o 53.\u00aa edi\u00e7\u00e3o 52 .\u00aa edi\u00e7\u00e3o 51<\/p>\n","protected":false},"author":1,"featured_media":1571,"parent":0,"menu_order":0,"comment_status":"closed","ping_status":"closed","template":"fullwidth.php","meta":{"_themeisle_gutenberg_block_has_review":false,"footnotes":"","_links_to":"","_links_to_target":""},"class_list":["post-1056","page","type-page","status-publish","has-post-thumbnail","hentry"],"_links":{"self":[{"href":"https:\/\/ebsm.pt\/base\/index.php?rest_route=\/wp\/v2\/pages\/1056","targetHints":{"allow":["GET"]}}],"collection":[{"href":"https:\/\/ebsm.pt\/base\/index.php?rest_route=\/wp\/v2\/pages"}],"about":[{"href":"https:\/\/ebsm.pt\/base\/index.php?rest_route=\/wp\/v2\/types\/page"}],"author":[{"embeddable":true,"href":"https:\/\/ebsm.pt\/base\/index.php?rest_route=\/wp\/v2\/users\/1"}],"replies":[{"embeddable":true,"href":"https:\/\/ebsm.pt\/base\/index.php?rest_route=%2Fwp%2Fv2%2Fcomments&post=1056"}],"version-history":[{"count":22,"href":"https:\/\/ebsm.pt\/base\/index.php?rest_route=\/wp\/v2\/pages\/1056\/revisions"}],"predecessor-version":[{"id":4853,"href":"https:\/\/ebsm.pt\/base\/index.php?rest_route=\/wp\/v2\/pages\/1056\/revisions\/4853"}],"wp:featuredmedia":[{"embeddable":true,"href":"https:\/\/ebsm.pt\/base\/index.php?rest_route=\/wp\/v2\/media\/1571"}],"wp:attachment":[{"href":"https:\/\/ebsm.pt\/base\/index.php?rest_route=%2Fwp%2Fv2%2Fmedia&parent=1056"}],"curies":[{"name":"wp","href":"https:\/\/api.w.org\/{rel}","templated":true}]}}