
{"id":115,"date":"2019-10-21T22:16:51","date_gmt":"2019-10-21T22:16:51","guid":{"rendered":"https:\/\/ebsm.pt\/base\/?page_id=115"},"modified":"2020-09-22T23:31:39","modified_gmt":"2020-09-22T23:31:39","slug":"apoios-educativos-explicacoes","status":"publish","type":"page","link":"https:\/\/ebsm.pt\/base\/?page_id=115","title":{"rendered":"Explica\u00e7\u00f5es"},"content":{"rendered":"\n<p>Se pretendes explica\u00e7\u00f5es, dever\u00e1s contactar o teu diretor de turma.<\/p>\n\n\n\n<h2 class=\"wp-block-heading\">EXPLICA\u00c7\u00d4ES \u00c0 DIST\u00c2NCIA<br>INFORMA\u00c7\u00c3O<\/h2>\n\n\n\n<p>As <strong>EXPLICA\u00c7\u00d4ES<\/strong> t\u00eam como objetivo fundamental apoiar, auxiliar e garantir uma ajuda no sucesso escolar de todos os alunos, nas diversas \u00e1reas disciplinares.&nbsp; Assim sendo, compete a todos os professores consciencializarem os seus alunos para a import\u00e2ncia das mesmas e revelar-lhes uma oportunidade de conseguirem ultrapassar as suas dificuldades.<\/p>\n\n\n\n<p>Atendendo \u00e0s regras de confinamento, as Explica\u00e7\u00f5es ser\u00e3o <strong>lecionadas \u00e0 dist\u00e2ncia, atrav\u00e9s da aplica\u00e7\u00e3o ZOOM<\/strong> (videoconfer\u00eancia com os alunos) cabendo aos professores destas explica\u00e7\u00f5es encontrar as melhores solu\u00e7\u00f5es para chegar a todos.<\/p>\n\n\n\n<p>Este trabalho poder\u00e1 ser realizado a partir de casa ou a partir da escola, nas salas indicadas no hor\u00e1rio (sala 305, bloco sul ou sala 414, bloco norte) <strong>a partir do dia <\/strong><strong>28 de setembro.<\/strong><\/p>\n\n\n\n<p>Na escola o professor registar\u00e1 a sua presen\u00e7a, assinando no in\u00edcio de cada hora das explica\u00e7\u00f5es o registo de presen\u00e7as que se encontra no dossi\u00ea \u00e0 guarda do funcion\u00e1rio designado para o efeito. A partir de casa, o professor registara a sua presen\u00e7a logo que poss\u00edvel, dentro do prazo estabelecido pela escola, 24 horas, no mesmo dossi\u00ea.<\/p>\n\n\n\n<h2 class=\"wp-block-heading\"><strong><u>Procedimentos a utilizar no Registo das Explica\u00e7\u00f5es<\/u><\/strong><\/h2>\n\n\n\n<p>Relativamente ao registo das <strong>Explica\u00e7\u00f5es<\/strong> relembramos a todos os professores que:<\/p>\n\n\n\n<p>&#8211; &nbsp;as grelhas do secund\u00e1rio encontraram-se na <strong>capa das Explica\u00e7\u00f5es de Secund\u00e1rio<\/strong> na sala de Professores Bloco Norte e as do 2\u00ba e 3\u00ba Ciclo nas<strong> capas de Explica\u00e7\u00f5es de 2\u00ba e 3\u00ba Ciclos no arm\u00e1rio junto \u00e0 sala de professores, bloco sul. (<\/strong>a partir do dia 30 de setembro<strong>)<\/strong><\/p>\n\n\n\n<p>&#8211; devem <strong><u>preencher as grelhas, <\/u><\/strong>obrigatoriamente, assinalando os alunos que frequentaram as explica\u00e7\u00f5es,<strong> (o nome dos alunos j\u00e1 consta nas listas) <\/strong>at\u00e9 ao \u00faltimo dia \u00fatil de cada m\u00eas.<\/p>\n\n\n\n<p>&#8211; devem <strong><u>assinar em todas as turmas<\/u><\/strong> que d\u00e3o explica\u00e7\u00f5es, mesmo que os alunos n\u00e3o tenham comparecido, e indicar zero (<strong>0)<\/strong> como presen\u00e7a;<\/p>\n\n\n\n<p>&#8211; as <strong><u>c\u00f3pias n\u00e3o devem ser retiradas<\/u><\/strong> da capa pois incluem todas as disciplinas da respetiva turma que d\u00e3o explica\u00e7\u00e3o.<\/p>\n\n\n\n<p>&#8211; as grelhas ir\u00e3o ser posteriormente colocadas, pela coordenadora das Explica\u00e7\u00f5es, no dossi\u00ea do\/a DT da respetiva turma, at\u00e9 o final de cada m\u00eas.<\/p>\n\n\n\n<h2 class=\"wp-block-heading\"><strong><u>Funcionamento do ensino \u00e0 dist\u00e2ncia<\/u><\/strong><\/h2>\n\n\n\n<p>Uso das plataformas ZOOM e Google Classroom;<\/p>\n\n\n\n<ol class=\"wp-block-list\" type=\"1\"><li>Os docentes e alunos que n\u00e3o possuam emails da Google (gmail), devem cri\u00e1-lo;<\/li><li>Os DTs devem solicitar os emails aos alunos, verificando se estes pertencem ao gmail, e disponibiliz\u00e1-los aos docentes do Conselho de Turma e das explica\u00e7\u00f5es;<\/li><li>N\u00e3o dever\u00e1 ser criado o email da turma uma vez que os docentes ir\u00e3o utilizar estas plataformas (Zoom e Google Classroom) para o efeito;<\/li><li>Os docentes das explica\u00e7\u00f5es disponibilizam o link aos alunos que lhes dar\u00e1 acesso \u00e0 plataforma Zoom durante todo o ano letivo. Os alunos ap\u00f3s entrarem no link s\u00e3o direcionados para a sala de espera;<\/li><li>Os docentes das explica\u00e7\u00f5es admitem os alunos \u00e0 aula\/reuni\u00e3o\/explica\u00e7\u00e3o;<\/li><li>Os alunos dever\u00e3o manter a camara ligada. Caso n\u00e3o querendo, dever\u00e3o lig\u00e1-la momentaneamente de forma ao docente reconhecer e registar a assiduidade;<\/li><li>N\u00e3o s\u00e3o permitidas grava\u00e7\u00f5es sob qualquer pretexto.<\/li><\/ol>\n\n\n\n<p>Machico, 23 de setembro de 2020<\/p>\n\n\n\n<p class=\"has-text-align-center\">A coordenadora das explica\u00e7\u00f5es e a equipa (Marco Gon\u00e7alves e Emanuel Lu\u00eds Fernandes)<\/p>\n\n\n\n<p class=\"has-text-align-center\">__________________________<\/p>\n\n\n\n<p class=\"has-text-align-center\">(Odete de Gois N\u00f3brega)<\/p>\n\n\n\n<p><\/p>\n","protected":false},"excerpt":{"rendered":"<p>Se pretendes explica\u00e7\u00f5es, dever\u00e1s contactar o teu diretor de turma. EXPLICA\u00c7\u00d4ES \u00c0 DIST\u00c2NCIAINFORMA\u00c7\u00c3O As EXPLICA\u00c7\u00d4ES t\u00eam como objetivo fundamental apoiar, auxiliar e garantir uma ajuda no sucesso escolar de todos os alunos, nas diversas \u00e1reas disciplinares.&nbsp; Assim sendo, compete a todos os professores consciencializarem os seus alunos para a import\u00e2ncia<\/p>\n","protected":false},"author":1,"featured_media":0,"parent":0,"menu_order":0,"comment_status":"closed","ping_status":"closed","template":"","meta":{"_themeisle_gutenberg_block_has_review":false,"footnotes":"","_links_to":"","_links_to_target":""},"class_list":["post-115","page","type-page","status-publish","hentry"],"_links":{"self":[{"href":"https:\/\/ebsm.pt\/base\/index.php?rest_route=\/wp\/v2\/pages\/115","targetHints":{"allow":["GET"]}}],"collection":[{"href":"https:\/\/ebsm.pt\/base\/index.php?rest_route=\/wp\/v2\/pages"}],"about":[{"href":"https:\/\/ebsm.pt\/base\/index.php?rest_route=\/wp\/v2\/types\/page"}],"author":[{"embeddable":true,"href":"https:\/\/ebsm.pt\/base\/index.php?rest_route=\/wp\/v2\/users\/1"}],"replies":[{"embeddable":true,"href":"https:\/\/ebsm.pt\/base\/index.php?rest_route=%2Fwp%2Fv2%2Fcomments&post=115"}],"version-history":[{"count":4,"href":"https:\/\/ebsm.pt\/base\/index.php?rest_route=\/wp\/v2\/pages\/115\/revisions"}],"predecessor-version":[{"id":2747,"href":"https:\/\/ebsm.pt\/base\/index.php?rest_route=\/wp\/v2\/pages\/115\/revisions\/2747"}],"wp:attachment":[{"href":"https:\/\/ebsm.pt\/base\/index.php?rest_route=%2Fwp%2Fv2%2Fmedia&parent=115"}],"curies":[{"name":"wp","href":"https:\/\/api.w.org\/{rel}","templated":true}]}}