
{"id":117,"date":"2019-10-21T22:17:07","date_gmt":"2019-10-21T22:17:07","guid":{"rendered":"https:\/\/ebsm.pt\/base\/?page_id=117"},"modified":"2020-04-01T14:45:49","modified_gmt":"2020-04-01T14:45:49","slug":"associacao-de-estudantes","status":"publish","type":"page","link":"https:\/\/ebsm.pt\/base\/?page_id=117","title":{"rendered":"Associa\u00e7\u00e3o de estudantes"},"content":{"rendered":"\n<p>A Associa\u00e7\u00e3o de Estudantes de Machico da Escola B\u00e1sica e Secund\u00e1ria de Machico formou-se no ano letivo de 2016\/2017 como resultado da iniciativa dos alunos da escola que queriam ter um \u00f3rg\u00e3o que os representasse e lhes desse voz.<\/p>\n\n\n\n<p>Desta forma, a Associa\u00e7\u00e3o de Estudantes surge como um \u00f3rg\u00e3o de e para os alunos, tendo como objetivos:<\/p>\n\n\n\n<p>\u00b7         Representar os alunos e defender os seus interesses;<br> \u00b7         Promover a forma\u00e7\u00e3o c\u00edvica, cultural, cient\u00edfica e f\u00edsica dos membros;<br> \u00b7         Estabelecer a liga\u00e7\u00e3o da escola e dos seus associados com a realidade socioecon\u00f3mica e pol\u00edtica do pa\u00eds;<br> \u00b7         Participar em todas as quest\u00f5es de interesse estudantil, designadamente na defini\u00e7\u00e3o da pol\u00edtica de ensino.<br> \u00b7         Contribuir para a participa\u00e7\u00e3o dos seus membros na discuss\u00e3o dos problemas educativos;<br> \u00b7         Cooperar em todos os organismos estudantis nacionais ou estrangeiros, cujos princ\u00edpios n\u00e3o contrariem os definidos no regulamento.<br><br>Assim, e para alcan\u00e7ar os objetivos aos quais nos propomos pretendemos desenvolver, ao longo do ano, diversas atividades como forma\u00e7\u00f5es, workshops, semana da AE, f\u00f3runs de debate, entre outras de modo a que os alunos sintam que t\u00eam na Associa\u00e7\u00e3o de Estudantes um \u00f3rg\u00e3o com o qual podem contar para os ajudar a integrar-se e a melhorar o ambiente escolar.<\/p>\n","protected":false},"excerpt":{"rendered":"<p>A Associa\u00e7\u00e3o de Estudantes de Machico da Escola B\u00e1sica e Secund\u00e1ria de Machico formou-se no ano letivo de 2016\/2017 como resultado da iniciativa dos alunos da escola que queriam ter um \u00f3rg\u00e3o que os representasse e lhes desse voz. Desta forma, a Associa\u00e7\u00e3o de Estudantes surge como um \u00f3rg\u00e3o de<\/p>\n","protected":false},"author":1,"featured_media":0,"parent":0,"menu_order":0,"comment_status":"closed","ping_status":"closed","template":"page-rightsb.php","meta":{"_themeisle_gutenberg_block_has_review":false,"footnotes":"","_links_to":"","_links_to_target":""},"class_list":["post-117","page","type-page","status-publish","hentry"],"_links":{"self":[{"href":"https:\/\/ebsm.pt\/base\/index.php?rest_route=\/wp\/v2\/pages\/117","targetHints":{"allow":["GET"]}}],"collection":[{"href":"https:\/\/ebsm.pt\/base\/index.php?rest_route=\/wp\/v2\/pages"}],"about":[{"href":"https:\/\/ebsm.pt\/base\/index.php?rest_route=\/wp\/v2\/types\/page"}],"author":[{"embeddable":true,"href":"https:\/\/ebsm.pt\/base\/index.php?rest_route=\/wp\/v2\/users\/1"}],"replies":[{"embeddable":true,"href":"https:\/\/ebsm.pt\/base\/index.php?rest_route=%2Fwp%2Fv2%2Fcomments&post=117"}],"version-history":[{"count":2,"href":"https:\/\/ebsm.pt\/base\/index.php?rest_route=\/wp\/v2\/pages\/117\/revisions"}],"predecessor-version":[{"id":1114,"href":"https:\/\/ebsm.pt\/base\/index.php?rest_route=\/wp\/v2\/pages\/117\/revisions\/1114"}],"wp:attachment":[{"href":"https:\/\/ebsm.pt\/base\/index.php?rest_route=%2Fwp%2Fv2%2Fmedia&parent=117"}],"curies":[{"name":"wp","href":"https:\/\/api.w.org\/{rel}","templated":true}]}}