
{"id":119,"date":"2019-10-21T22:17:18","date_gmt":"2019-10-21T22:17:18","guid":{"rendered":"https:\/\/ebsm.pt\/base\/?page_id=119"},"modified":"2024-11-13T17:32:42","modified_gmt":"2024-11-13T17:32:42","slug":"criterios-de-avaliacao","status":"publish","type":"page","link":"https:\/\/ebsm.pt\/base\/?page_id=119","title":{"rendered":"Crit\u00e9rios de avalia\u00e7\u00e3o"},"content":{"rendered":"\n<figure class=\"wp-block-image size-large\"><img loading=\"lazy\" decoding=\"async\" width=\"617\" height=\"310\" src=\"https:\/\/ebsm.pt\/base\/wp-content\/uploads\/2020\/02\/avaliacao.jpg\" alt=\"\" class=\"wp-image-1116\" srcset=\"https:\/\/ebsm.pt\/base\/wp-content\/uploads\/2020\/02\/avaliacao.jpg 617w, https:\/\/ebsm.pt\/base\/wp-content\/uploads\/2020\/02\/avaliacao-300x151.jpg 300w\" sizes=\"auto, (max-width: 617px) 100vw, 617px\" \/><\/figure>\n\n\n\n<p>O Conselho Pedag\u00f3gico aprovou para o ano letivo <strong>2024-2025<\/strong>, os seguintes crit\u00e9rios de avalia\u00e7\u00e3o:<\/p>\n\n\n\n<p><a href=\"https:\/\/ebsm.pt\/base\/wp-content\/uploads\/2024\/11\/Criterios-de-avaliacao-EBSM-aprovado-CP-11-11-2024.pdf\" data-type=\"link\" data-id=\"https:\/\/ebsm.pt\/base\/wp-content\/uploads\/2024\/11\/Criterios-de-avaliacao-EBSM-aprovado-CP-11-11-2024.pdf\" target=\"_blank\" rel=\"noreferrer noopener\">Crit\u00e9rios de avalia\u00e7\u00e3o &#8211; 2024 &#8211; 2025<\/a><\/p>\n\n\n\n<p><\/p>\n","protected":false},"excerpt":{"rendered":"<p>O Conselho Pedag\u00f3gico aprovou para o ano letivo 2024-2025, os seguintes crit\u00e9rios de avalia\u00e7\u00e3o: Crit\u00e9rios de avalia\u00e7\u00e3o &#8211; 2024 &#8211; 2025<\/p>\n","protected":false},"author":1,"featured_media":0,"parent":0,"menu_order":0,"comment_status":"closed","ping_status":"closed","template":"","meta":{"_themeisle_gutenberg_block_has_review":false,"footnotes":"","_links_to":"","_links_to_target":""},"class_list":["post-119","page","type-page","status-publish","hentry"],"_links":{"self":[{"href":"https:\/\/ebsm.pt\/base\/index.php?rest_route=\/wp\/v2\/pages\/119","targetHints":{"allow":["GET"]}}],"collection":[{"href":"https:\/\/ebsm.pt\/base\/index.php?rest_route=\/wp\/v2\/pages"}],"about":[{"href":"https:\/\/ebsm.pt\/base\/index.php?rest_route=\/wp\/v2\/types\/page"}],"author":[{"embeddable":true,"href":"https:\/\/ebsm.pt\/base\/index.php?rest_route=\/wp\/v2\/users\/1"}],"replies":[{"embeddable":true,"href":"https:\/\/ebsm.pt\/base\/index.php?rest_route=%2Fwp%2Fv2%2Fcomments&post=119"}],"version-history":[{"count":16,"href":"https:\/\/ebsm.pt\/base\/index.php?rest_route=\/wp\/v2\/pages\/119\/revisions"}],"predecessor-version":[{"id":6896,"href":"https:\/\/ebsm.pt\/base\/index.php?rest_route=\/wp\/v2\/pages\/119\/revisions\/6896"}],"wp:attachment":[{"href":"https:\/\/ebsm.pt\/base\/index.php?rest_route=%2Fwp%2Fv2%2Fmedia&parent=119"}],"curies":[{"name":"wp","href":"https:\/\/api.w.org\/{rel}","templated":true}]}}