
{"id":140,"date":"2019-10-21T22:20:58","date_gmt":"2019-10-21T22:20:58","guid":{"rendered":"https:\/\/ebsm.pt\/base\/?page_id=140"},"modified":"2025-11-18T18:00:45","modified_gmt":"2025-11-18T18:00:45","slug":"finalistas","status":"publish","type":"page","link":"https:\/\/ebsm.pt\/base\/?page_id=140","title":{"rendered":"Finalistas"},"content":{"rendered":"\n<h2 class=\"wp-block-heading\">Finalistas do 12\u00ba ano 2025-2026<\/h2>\n\n\n\n<p><\/p>\n\n\n\n<figure class=\"wp-block-image size-full\"><img loading=\"lazy\" decoding=\"async\" width=\"518\" height=\"716\" src=\"https:\/\/ebsm.pt\/base\/wp-content\/uploads\/2025\/11\/image-9.png\" alt=\"\" class=\"wp-image-7460\" srcset=\"https:\/\/ebsm.pt\/base\/wp-content\/uploads\/2025\/11\/image-9.png 518w, https:\/\/ebsm.pt\/base\/wp-content\/uploads\/2025\/11\/image-9-217x300.png 217w\" sizes=\"auto, (max-width: 518px) 100vw, 518px\" \/><\/figure>\n\n\n\n<p><strong>Programa\/Finalistas do 12\u00ba ano<\/strong><\/p>\n\n\n\n<p>12h30 \u2013 Concentra\u00e7\u00e3o dos finalistas na Escola<\/p>\n\n\n\n<p>13h30 \u2013 Concentra\u00e7\u00e3o dos finalistas no Audit\u00f3rio Sul<\/p>\n\n\n\n<p>14h15 \u2013 Concentra\u00e7\u00e3o na rampa de entrada do Edif\u00edcio Norte<\/p>\n\n\n\n<p>14h30 \u2013 In\u00edcio do cortejo em dire\u00e7\u00e3o \u00e0 Igreja Matriz de Machico<\/p>\n\n\n\n<p>15h00 \u2013 Celebra\u00e7\u00e3o Eucar\u00edstica da B\u00ean\u00e7\u00e3o das Capas, presidida pelo Sr. Bispo do Funchal D. Nuno Br\u00e1s da Silva Martins<\/p>\n\n\n\n<p><\/p>\n","protected":false},"excerpt":{"rendered":"<p>Finalistas do 12\u00ba ano 2025-2026 Programa\/Finalistas do 12\u00ba ano 12h30 \u2013 Concentra\u00e7\u00e3o dos finalistas na Escola 13h30 \u2013 Concentra\u00e7\u00e3o dos finalistas no Audit\u00f3rio Sul 14h15 \u2013 Concentra\u00e7\u00e3o na rampa de entrada do Edif\u00edcio Norte 14h30 \u2013 In\u00edcio do cortejo em dire\u00e7\u00e3o \u00e0 Igreja Matriz de Machico 15h00 \u2013 Celebra\u00e7\u00e3o Eucar\u00edstica<\/p>\n","protected":false},"author":1,"featured_media":0,"parent":0,"menu_order":0,"comment_status":"closed","ping_status":"closed","template":"","meta":{"_themeisle_gutenberg_block_has_review":false,"footnotes":"","_links_to":"","_links_to_target":""},"class_list":["post-140","page","type-page","status-publish","hentry"],"_links":{"self":[{"href":"https:\/\/ebsm.pt\/base\/index.php?rest_route=\/wp\/v2\/pages\/140","targetHints":{"allow":["GET"]}}],"collection":[{"href":"https:\/\/ebsm.pt\/base\/index.php?rest_route=\/wp\/v2\/pages"}],"about":[{"href":"https:\/\/ebsm.pt\/base\/index.php?rest_route=\/wp\/v2\/types\/page"}],"author":[{"embeddable":true,"href":"https:\/\/ebsm.pt\/base\/index.php?rest_route=\/wp\/v2\/users\/1"}],"replies":[{"embeddable":true,"href":"https:\/\/ebsm.pt\/base\/index.php?rest_route=%2Fwp%2Fv2%2Fcomments&post=140"}],"version-history":[{"count":7,"href":"https:\/\/ebsm.pt\/base\/index.php?rest_route=\/wp\/v2\/pages\/140\/revisions"}],"predecessor-version":[{"id":7462,"href":"https:\/\/ebsm.pt\/base\/index.php?rest_route=\/wp\/v2\/pages\/140\/revisions\/7462"}],"wp:attachment":[{"href":"https:\/\/ebsm.pt\/base\/index.php?rest_route=%2Fwp%2Fv2%2Fmedia&parent=140"}],"curies":[{"name":"wp","href":"https:\/\/api.w.org\/{rel}","templated":true}]}}