
{"id":150,"date":"2019-10-21T22:23:00","date_gmt":"2019-10-21T22:23:00","guid":{"rendered":"https:\/\/ebsm.pt\/base\/?page_id=150"},"modified":"2020-09-11T22:26:06","modified_gmt":"2020-09-11T22:26:06","slug":"matriculas","status":"publish","type":"page","link":"https:\/\/ebsm.pt\/base\/?page_id=150","title":{"rendered":"Matr\u00edculas"},"content":{"rendered":"\n<p><\/p>\n\n\n<ul class=\"display-posts-listing\"><li class=\"listing-item\"><a class=\"title\" href=\"https:\/\/ebsm.pt\/base\/wp-content\/uploads\/2025\/06\/Pass_Social_24-25.pdf\">Passe Social 4_23 &#8211; Renova\u00e7\u00e3o\/emiss\u00e3o para o ano letivo 2025\/2025<\/a> <span class=\"date\">--- 30-06-2025 - ( 23:08:28)<\/span><\/li><li class=\"listing-item\"><a class=\"title\" href=\"https:\/\/ebsm.pt\/base\/wp-content\/uploads\/2025\/05\/Matriculas-2025-2026.pdf\">Matr\u00edculas e renova\u00e7\u00e3o de matr\u00edculas 2025-2026<\/a> <span class=\"date\">--- 07-06-2024 - ( 08:00:41)<\/span><\/li><\/ul>\n","protected":false},"excerpt":{"rendered":"","protected":false},"author":1,"featured_media":2550,"parent":0,"menu_order":0,"comment_status":"closed","ping_status":"closed","template":"","meta":{"_themeisle_gutenberg_block_has_review":false,"footnotes":"","_links_to":"","_links_to_target":""},"class_list":["post-150","page","type-page","status-publish","has-post-thumbnail","hentry"],"_links":{"self":[{"href":"https:\/\/ebsm.pt\/base\/index.php?rest_route=\/wp\/v2\/pages\/150","targetHints":{"allow":["GET"]}}],"collection":[{"href":"https:\/\/ebsm.pt\/base\/index.php?rest_route=\/wp\/v2\/pages"}],"about":[{"href":"https:\/\/ebsm.pt\/base\/index.php?rest_route=\/wp\/v2\/types\/page"}],"author":[{"embeddable":true,"href":"https:\/\/ebsm.pt\/base\/index.php?rest_route=\/wp\/v2\/users\/1"}],"replies":[{"embeddable":true,"href":"https:\/\/ebsm.pt\/base\/index.php?rest_route=%2Fwp%2Fv2%2Fcomments&post=150"}],"version-history":[{"count":2,"href":"https:\/\/ebsm.pt\/base\/index.php?rest_route=\/wp\/v2\/pages\/150\/revisions"}],"predecessor-version":[{"id":2727,"href":"https:\/\/ebsm.pt\/base\/index.php?rest_route=\/wp\/v2\/pages\/150\/revisions\/2727"}],"wp:featuredmedia":[{"embeddable":true,"href":"https:\/\/ebsm.pt\/base\/index.php?rest_route=\/wp\/v2\/media\/2550"}],"wp:attachment":[{"href":"https:\/\/ebsm.pt\/base\/index.php?rest_route=%2Fwp%2Fv2%2Fmedia&parent=150"}],"curies":[{"name":"wp","href":"https:\/\/api.w.org\/{rel}","templated":true}]}}