
{"id":1511,"date":"2020-02-07T10:46:10","date_gmt":"2020-02-07T10:46:10","guid":{"rendered":"https:\/\/ebsm.pt\/base\/?page_id=1511"},"modified":"2026-01-25T20:27:14","modified_gmt":"2026-01-25T20:27:14","slug":"plano-plurianual","status":"publish","type":"page","link":"https:\/\/ebsm.pt\/base\/?page_id=1511","title":{"rendered":"Declara\u00e7\u00f5es\/Plano Plurianual"},"content":{"rendered":"\n<p><a href=\"https:\/\/ebsm.pt\/base\/wp-content\/uploads\/2026\/01\/Declaracoes-Lei-8-2012.pdf\" target=\"_blank\" rel=\"noreferrer noopener\">Declara\u00e7\u00e3o de compromissos plurianuais existentes em 3\u00ed\/1212025<\/a> (art. \u00ed5.o, n.o1, a))<br><a href=\"https:\/\/ebsm.pt\/base\/wp-content\/uploads\/2026\/01\/Decfaracao-de-compromissos-plurianuais-2025.pdf\" data-type=\"link\" data-id=\"https:\/\/ebsm.pt\/base\/wp-content\/uploads\/2026\/01\/Decfaracao-de-compromissos-plurianuais-2025.pdf\" target=\"_blank\" rel=\"noreferrer noopener\">Declara\u00e7\u00e3o de compromissos plurianuais existentes em 31\/12\/2025<\/a> (art. 15.o, n.\u00ba1, a)) (online a 12\/01\/2025)<br><a href=\"https:\/\/ebsm.pt\/base\/wp-content\/uploads\/2024\/01\/Declaracoes-LCPA.pdf\" target=\"_blank\" rel=\"noreferrer noopener\">Declara\u00e7\u00e3o de compromissos plurianuais<\/a> existentes em 31\/12\/2023 (online a 18\/01\/2024) <br><a href=\"https:\/\/ebsm.pt\/base\/wp-content\/uploads\/2022\/01\/Declaracoes-da-Lei-no-8-2012.pdf\" target=\"_blank\" rel=\"noreferrer noopener\">Declara\u00e7\u00e3o de compromissos plurianuais existentes em 31\/11\/2021<\/a> (online a 14\/01\/2022) <br><a href=\"https:\/\/ebsm.pt\/base\/wp-content\/uploads\/2022\/01\/Declaracao-de-Subvencoes-2021.pdf\" target=\"_blank\" rel=\"noreferrer noopener\">Declara\u00e7\u00e3o de subven\u00e7\u00f5es<\/a> (online a 12\/01\/2022) <br><a href=\"https:\/\/ebsm.pt\/base\/wp-content\/uploads\/2021\/01\/Decalaracoes-Lei-No-8-2012.pdf\" target=\"_blank\" rel=\"noreferrer noopener\">Declara\u00e7\u00f5es &#8211; Fundo Escolar<\/a> (online a 26\/01\/2021)<br><a aria-label=\"Declara\u00e7\u00f5es -Fundo Escolar (abre num novo separador)\" href=\"https:\/\/ebsm.pt\/base\/wp-content\/uploads\/2020\/02\/FundoEscolar2020.pdf\" target=\"_blank\" rel=\"noreferrer noopener\">Declara\u00e7\u00f5es &#8211; Fundo Escolar<\/a> (online a 23\/01\/2020) <br><a aria-label=\"Declara\u00e7\u00f5es -Fundo Escolar (abre num novo separador)\" href=\"https:\/\/ebsm.pt\/base\/wp-content\/uploads\/2020\/02\/FundoEscolar2019.pdf\" target=\"_blank\" rel=\"noreferrer noopener\">Declara\u00e7\u00f5es &#8211; Fundo Escolar<\/a> (online a 15\/01\/2019)<\/p>\n\n\n\n<p><\/p>\n","protected":false},"excerpt":{"rendered":"<p>Declara\u00e7\u00e3o de compromissos plurianuais existentes em 3\u00ed\/1212025 (art. \u00ed5.o, n.o1, a))Declara\u00e7\u00e3o de compromissos plurianuais existentes em 31\/12\/2025 (art. 15.o, n.\u00ba1, a)) (online a 12\/01\/2025)Declara\u00e7\u00e3o de compromissos plurianuais existentes em 31\/12\/2023 (online a 18\/01\/2024) Declara\u00e7\u00e3o de compromissos plurianuais existentes em 31\/11\/2021 (online a 14\/01\/2022) Declara\u00e7\u00e3o de subven\u00e7\u00f5es (online a 12\/01\/2022) Declara\u00e7\u00f5es<\/p>\n","protected":false},"author":1,"featured_media":0,"parent":0,"menu_order":0,"comment_status":"closed","ping_status":"closed","template":"","meta":{"_themeisle_gutenberg_block_has_review":false,"footnotes":"","_links_to":"","_links_to_target":""},"class_list":["post-1511","page","type-page","status-publish","hentry"],"_links":{"self":[{"href":"https:\/\/ebsm.pt\/base\/index.php?rest_route=\/wp\/v2\/pages\/1511","targetHints":{"allow":["GET"]}}],"collection":[{"href":"https:\/\/ebsm.pt\/base\/index.php?rest_route=\/wp\/v2\/pages"}],"about":[{"href":"https:\/\/ebsm.pt\/base\/index.php?rest_route=\/wp\/v2\/types\/page"}],"author":[{"embeddable":true,"href":"https:\/\/ebsm.pt\/base\/index.php?rest_route=\/wp\/v2\/users\/1"}],"replies":[{"embeddable":true,"href":"https:\/\/ebsm.pt\/base\/index.php?rest_route=%2Fwp%2Fv2%2Fcomments&post=1511"}],"version-history":[{"count":11,"href":"https:\/\/ebsm.pt\/base\/index.php?rest_route=\/wp\/v2\/pages\/1511\/revisions"}],"predecessor-version":[{"id":7529,"href":"https:\/\/ebsm.pt\/base\/index.php?rest_route=\/wp\/v2\/pages\/1511\/revisions\/7529"}],"wp:attachment":[{"href":"https:\/\/ebsm.pt\/base\/index.php?rest_route=%2Fwp%2Fv2%2Fmedia&parent=1511"}],"curies":[{"name":"wp","href":"https:\/\/api.w.org\/{rel}","templated":true}]}}