
{"id":158,"date":"2019-10-21T22:28:44","date_gmt":"2019-10-21T22:28:44","guid":{"rendered":"https:\/\/ebsm.pt\/base\/?page_id=158"},"modified":"2025-12-11T10:57:00","modified_gmt":"2025-12-11T10:57:00","slug":"atendimento-dts","status":"publish","type":"page","link":"https:\/\/ebsm.pt\/base\/?page_id=158","title":{"rendered":"Atendimento DT&#8217;s"},"content":{"rendered":"\n<p>Ano letivo 2025\/2026<\/p>\n\n\n\n<h2 class=\"wp-block-heading\">2.\u00ba ciclo<\/h2>\n\n\n\n<p>Coordenadora do 2.\u00ba ciclo<br>Carla Emanuela Triunfante de Sousa<\/p>\n\n\n\n<h2 class=\"wp-block-heading\">3.\u00ba ciclo<\/h2>\n\n\n\n<p>Coordenadora do 3.\u00ba ciclo<br>Teresa Maria da Silva Sardinha Passos<\/p>\n\n\n\n<h2 class=\"wp-block-heading\">Secund\u00e1rio<\/h2>\n\n\n\n<p>Coordenadora do secund\u00e1rio <br>Z\u00f3zima Maria Martins Afonseca<\/p>\n","protected":false},"excerpt":{"rendered":"<p>Ano letivo 2025\/2026 2.\u00ba ciclo Coordenadora do 2.\u00ba cicloCarla Emanuela Triunfante de Sousa 3.\u00ba ciclo Coordenadora do 3.\u00ba cicloTeresa Maria da Silva Sardinha Passos Secund\u00e1rio Coordenadora do secund\u00e1rio Z\u00f3zima Maria Martins Afonseca<\/p>\n","protected":false},"author":1,"featured_media":0,"parent":0,"menu_order":0,"comment_status":"closed","ping_status":"closed","template":"page-rightsb.php","meta":{"_themeisle_gutenberg_block_has_review":false,"footnotes":"","_links_to":"","_links_to_target":""},"class_list":["post-158","page","type-page","status-publish","hentry"],"_links":{"self":[{"href":"https:\/\/ebsm.pt\/base\/index.php?rest_route=\/wp\/v2\/pages\/158","targetHints":{"allow":["GET"]}}],"collection":[{"href":"https:\/\/ebsm.pt\/base\/index.php?rest_route=\/wp\/v2\/pages"}],"about":[{"href":"https:\/\/ebsm.pt\/base\/index.php?rest_route=\/wp\/v2\/types\/page"}],"author":[{"embeddable":true,"href":"https:\/\/ebsm.pt\/base\/index.php?rest_route=\/wp\/v2\/users\/1"}],"replies":[{"embeddable":true,"href":"https:\/\/ebsm.pt\/base\/index.php?rest_route=%2Fwp%2Fv2%2Fcomments&post=158"}],"version-history":[{"count":21,"href":"https:\/\/ebsm.pt\/base\/index.php?rest_route=\/wp\/v2\/pages\/158\/revisions"}],"predecessor-version":[{"id":7480,"href":"https:\/\/ebsm.pt\/base\/index.php?rest_route=\/wp\/v2\/pages\/158\/revisions\/7480"}],"wp:attachment":[{"href":"https:\/\/ebsm.pt\/base\/index.php?rest_route=%2Fwp%2Fv2%2Fmedia&parent=158"}],"curies":[{"name":"wp","href":"https:\/\/api.w.org\/{rel}","templated":true}]}}