
{"id":2,"date":"2019-10-17T12:47:06","date_gmt":"2019-10-17T12:47:06","guid":{"rendered":"https:\/\/ebsm.pt\/base\/?page_id=2"},"modified":"2020-01-07T18:21:42","modified_gmt":"2020-01-07T18:21:42","slug":"pagina-exemplo","status":"publish","type":"page","link":"https:\/\/ebsm.pt\/base\/?page_id=2","title":{"rendered":"\u00d3rg\u00e3os de gest\u00e3o"},"content":{"rendered":"\n<p><strong>\u00d3RG\u00c3OS DE DIRE\u00c7\u00c3O, ADMINISTRA\u00c7\u00c3O E GEST\u00c3O DA ESCOLA<\/strong><\/p>\n\n\n\n<p>A direc\u00e7\u00e3o, administra\u00e7\u00e3o e gest\u00e3o da escola \u00e9 assegurada por \u00f3rg\u00e3os pr\u00f3prios que se regem pelos princ\u00edpios previstos no Decreto Legislativo Regional n\u00ba 4\/2000\/M, com as altera\u00e7\u00f5es introduzidas pelo Decreto Legislativo Regional n\u00ba 21 \/2006\/M<\/p>\n\n\n\n<p>S\u00e3o \u00f3rg\u00e3os de direc\u00e7\u00e3o, administra\u00e7\u00e3o e gest\u00e3o da escola os seguintes:<\/p>\n\n\n\n<ul class=\"wp-block-list\"><li><a href=\"https:\/\/ebsm.pt\/base\/?page_id=81\">Conselho da Comunidade Educativa;<\/a><br> <strong>Presidente:<\/strong>  Ana Freire<\/li><li><a href=\"https:\/\/ebsm.pt\/base\/?page_id=77\">Conselho Executivo;<\/a><br> <strong>Presidente:<\/strong> Jos\u00e9 Maria Dias<\/li><li><a href=\"https:\/\/ebsm.pt\/base\/?page_id=46\">Conselho Pedag\u00f3gico;<\/a><br> <strong>Presidente:<\/strong> Jos\u00e9 Maria Dias<\/li><li><a href=\"https:\/\/ebsm.pt\/base\/?page_id=79\">Conselho Administrativo.<\/a><br> <strong>Presidente:<\/strong> Jos\u00e9 Pimenta<\/li><\/ul>\n\n\n\n<p><\/p>\n","protected":false},"excerpt":{"rendered":"<p>\u00d3RG\u00c3OS DE DIRE\u00c7\u00c3O, ADMINISTRA\u00c7\u00c3O E GEST\u00c3O DA ESCOLA A direc\u00e7\u00e3o, administra\u00e7\u00e3o e gest\u00e3o da escola \u00e9 assegurada por \u00f3rg\u00e3os pr\u00f3prios que se regem pelos princ\u00edpios previstos no Decreto Legislativo Regional n\u00ba 4\/2000\/M, com as altera\u00e7\u00f5es introduzidas pelo Decreto Legislativo Regional n\u00ba 21 \/2006\/M S\u00e3o \u00f3rg\u00e3os de direc\u00e7\u00e3o, administra\u00e7\u00e3o e gest\u00e3o<\/p>\n","protected":false},"author":1,"featured_media":0,"parent":0,"menu_order":0,"comment_status":"closed","ping_status":"open","template":"fullwidth.php","meta":{"_themeisle_gutenberg_block_has_review":false,"footnotes":"","_links_to":"","_links_to_target":""},"class_list":["post-2","page","type-page","status-publish","hentry"],"_links":{"self":[{"href":"https:\/\/ebsm.pt\/base\/index.php?rest_route=\/wp\/v2\/pages\/2","targetHints":{"allow":["GET"]}}],"collection":[{"href":"https:\/\/ebsm.pt\/base\/index.php?rest_route=\/wp\/v2\/pages"}],"about":[{"href":"https:\/\/ebsm.pt\/base\/index.php?rest_route=\/wp\/v2\/types\/page"}],"author":[{"embeddable":true,"href":"https:\/\/ebsm.pt\/base\/index.php?rest_route=\/wp\/v2\/users\/1"}],"replies":[{"embeddable":true,"href":"https:\/\/ebsm.pt\/base\/index.php?rest_route=%2Fwp%2Fv2%2Fcomments&post=2"}],"version-history":[{"count":3,"href":"https:\/\/ebsm.pt\/base\/index.php?rest_route=\/wp\/v2\/pages\/2\/revisions"}],"predecessor-version":[{"id":920,"href":"https:\/\/ebsm.pt\/base\/index.php?rest_route=\/wp\/v2\/pages\/2\/revisions\/920"}],"wp:attachment":[{"href":"https:\/\/ebsm.pt\/base\/index.php?rest_route=%2Fwp%2Fv2%2Fmedia&parent=2"}],"curies":[{"name":"wp","href":"https:\/\/api.w.org\/{rel}","templated":true}]}}