
{"id":203,"date":"2023-05-25T23:44:54","date_gmt":"2023-05-25T23:44:54","guid":{"rendered":"https:\/\/ebsm.pt\/base\/?page_id=203"},"modified":"2025-07-10T22:08:04","modified_gmt":"2025-07-10T22:08:04","slug":"secundario-cientifico-humanistico","status":"publish","type":"page","link":"https:\/\/ebsm.pt\/base\/?page_id=203","title":{"rendered":"Secund\u00e1rio Cient\u00edfico-human\u00edstico"},"content":{"rendered":"\n<h2 class=\"wp-block-heading\">Oferta formativa 2025\/2026<\/h2>\n\n\n\n<figure class=\"wp-block-image size-full is-resized\"><img loading=\"lazy\" decoding=\"async\" width=\"635\" height=\"853\" src=\"https:\/\/ebsm.pt\/base\/wp-content\/uploads\/2025\/07\/image-5.png\" alt=\"\" class=\"wp-image-7357\" style=\"width:634px;height:auto\" srcset=\"https:\/\/ebsm.pt\/base\/wp-content\/uploads\/2025\/07\/image-5.png 635w, https:\/\/ebsm.pt\/base\/wp-content\/uploads\/2025\/07\/image-5-223x300.png 223w\" sizes=\"auto, (max-width: 635px) 100vw, 635px\" \/><\/figure>\n\n\n\n<figure class=\"wp-block-image size-full is-resized\"><img loading=\"lazy\" decoding=\"async\" width=\"584\" height=\"789\" src=\"https:\/\/ebsm.pt\/base\/wp-content\/uploads\/2025\/07\/image-6.png\" alt=\"\" class=\"wp-image-7358\" style=\"width:700px\" srcset=\"https:\/\/ebsm.pt\/base\/wp-content\/uploads\/2025\/07\/image-6.png 584w, https:\/\/ebsm.pt\/base\/wp-content\/uploads\/2025\/07\/image-6-222x300.png 222w\" sizes=\"auto, (max-width: 584px) 100vw, 584px\" \/><\/figure>\n\n\n\n<figure class=\"wp-block-image size-full is-resized\"><img loading=\"lazy\" decoding=\"async\" width=\"554\" height=\"807\" src=\"https:\/\/ebsm.pt\/base\/wp-content\/uploads\/2025\/07\/image-7.png\" alt=\"\" class=\"wp-image-7359\" style=\"width:700px\" srcset=\"https:\/\/ebsm.pt\/base\/wp-content\/uploads\/2025\/07\/image-7.png 554w, https:\/\/ebsm.pt\/base\/wp-content\/uploads\/2025\/07\/image-7-206x300.png 206w\" sizes=\"auto, (max-width: 554px) 100vw, 554px\" \/><\/figure>\n\n\n\n<figure class=\"wp-block-image size-full is-resized\"><img loading=\"lazy\" decoding=\"async\" width=\"558\" height=\"768\" src=\"https:\/\/ebsm.pt\/base\/wp-content\/uploads\/2025\/07\/image-8.png\" alt=\"\" class=\"wp-image-7360\" style=\"width:700px\" srcset=\"https:\/\/ebsm.pt\/base\/wp-content\/uploads\/2025\/07\/image-8.png 558w, https:\/\/ebsm.pt\/base\/wp-content\/uploads\/2025\/07\/image-8-218x300.png 218w\" sizes=\"auto, (max-width: 558px) 100vw, 558px\" \/><\/figure>\n\n\n\n<figure class=\"wp-block-image size-full is-resized\"><img loading=\"lazy\" decoding=\"async\" width=\"562\" height=\"756\" src=\"https:\/\/ebsm.pt\/base\/wp-content\/uploads\/2025\/07\/image-9.png\" alt=\"\" class=\"wp-image-7361\" style=\"width:700px\" srcset=\"https:\/\/ebsm.pt\/base\/wp-content\/uploads\/2025\/07\/image-9.png 562w, https:\/\/ebsm.pt\/base\/wp-content\/uploads\/2025\/07\/image-9-223x300.png 223w\" sizes=\"auto, (max-width: 562px) 100vw, 562px\" \/><\/figure>\n\n\n\n<figure class=\"wp-block-image size-full is-resized\"><img loading=\"lazy\" decoding=\"async\" width=\"561\" height=\"781\" src=\"https:\/\/ebsm.pt\/base\/wp-content\/uploads\/2025\/07\/image-10.png\" alt=\"\" class=\"wp-image-7362\" style=\"width:7px\" srcset=\"https:\/\/ebsm.pt\/base\/wp-content\/uploads\/2025\/07\/image-10.png 561w, https:\/\/ebsm.pt\/base\/wp-content\/uploads\/2025\/07\/image-10-215x300.png 215w\" sizes=\"auto, (max-width: 561px) 100vw, 561px\" \/><\/figure>\n\n\n\n<figure class=\"wp-block-image size-full is-resized\"><img loading=\"lazy\" decoding=\"async\" width=\"563\" height=\"775\" src=\"https:\/\/ebsm.pt\/base\/wp-content\/uploads\/2025\/07\/image-11.png\" alt=\"\" class=\"wp-image-7363\" style=\"width:700px\" srcset=\"https:\/\/ebsm.pt\/base\/wp-content\/uploads\/2025\/07\/image-11.png 563w, https:\/\/ebsm.pt\/base\/wp-content\/uploads\/2025\/07\/image-11-218x300.png 218w\" sizes=\"auto, (max-width: 563px) 100vw, 563px\" \/><\/figure>\n\n\n\n<p><\/p>\n\n\n\n<p><\/p>\n\n\n\n<div class=\"wp-block-buttons is-layout-flex wp-block-buttons-is-layout-flex\">\n<div class=\"wp-block-button\"><a class=\"wp-block-button__link wp-element-button\" href=\"https:\/\/ebsm.pt\/base\/wp-content\/uploads\/2025\/07\/Secundario.pdf\" target=\"_blank\" rel=\"noreferrer noopener\">PDF<\/a><\/div>\n<\/div>\n\n\n\n<p><\/p>\n","protected":false},"excerpt":{"rendered":"<p>Oferta formativa 2025\/2026<\/p>\n","protected":false},"author":1,"featured_media":0,"parent":0,"menu_order":0,"comment_status":"closed","ping_status":"closed","template":"","meta":{"_themeisle_gutenberg_block_has_review":false,"footnotes":"","_links_to":"","_links_to_target":""},"class_list":["post-203","page","type-page","status-publish","hentry"],"_links":{"self":[{"href":"https:\/\/ebsm.pt\/base\/index.php?rest_route=\/wp\/v2\/pages\/203","targetHints":{"allow":["GET"]}}],"collection":[{"href":"https:\/\/ebsm.pt\/base\/index.php?rest_route=\/wp\/v2\/pages"}],"about":[{"href":"https:\/\/ebsm.pt\/base\/index.php?rest_route=\/wp\/v2\/types\/page"}],"author":[{"embeddable":true,"href":"https:\/\/ebsm.pt\/base\/index.php?rest_route=\/wp\/v2\/users\/1"}],"replies":[{"embeddable":true,"href":"https:\/\/ebsm.pt\/base\/index.php?rest_route=%2Fwp%2Fv2%2Fcomments&post=203"}],"version-history":[{"count":7,"href":"https:\/\/ebsm.pt\/base\/index.php?rest_route=\/wp\/v2\/pages\/203\/revisions"}],"predecessor-version":[{"id":7366,"href":"https:\/\/ebsm.pt\/base\/index.php?rest_route=\/wp\/v2\/pages\/203\/revisions\/7366"}],"wp:attachment":[{"href":"https:\/\/ebsm.pt\/base\/index.php?rest_route=%2Fwp%2Fv2%2Fmedia&parent=203"}],"curies":[{"name":"wp","href":"https:\/\/api.w.org\/{rel}","templated":true}]}}