
{"id":226,"date":"2019-10-21T22:52:03","date_gmt":"2019-10-21T22:52:03","guid":{"rendered":"https:\/\/ebsm.pt\/base\/?page_id=226"},"modified":"2025-10-15T09:44:19","modified_gmt":"2025-10-15T09:44:19","slug":"projetos-19-20","status":"publish","type":"page","link":"https:\/\/ebsm.pt\/base\/?page_id=226","title":{"rendered":"Oferta extracurricular"},"content":{"rendered":"\n<p>A Escola B\u00e1sica e Secund\u00e1ria de Machico informa que, no presente ano letivo, tem para<br>oferecer um vasto conjunto de projetos, clubes e iniciativas que v\u00e3o al\u00e9m do curr\u00edculo,<br>contribuindo, assim, para o enriquecimento e forma\u00e7\u00e3o pessoal, social e integral dos<br>nossos alunos.<\/p>\n\n\n\n<p><strong><a href=\"https:\/\/ebsm.pt\/base\/wp-content\/uploads\/2025\/10\/Oferta-Extracurricular-EBSM-25-26.pdf\" data-type=\"link\" data-id=\"https:\/\/ebsm.pt\/base\/wp-content\/uploads\/2025\/10\/Oferta-Extracurricular-EBSM-25-26.pdf\" target=\"_blank\" rel=\"noreferrer noopener\">Oferta Curricular 2025\/2026<\/a><\/strong><\/p>\n\n\n\n<p><br>Dinamiza\u00e7\u00e3o Cultural<br>Dinamizacao.cultural@gmail.com<\/p>\n\n\n\n<p><\/p>\n","protected":false},"excerpt":{"rendered":"<p>A Escola B\u00e1sica e Secund\u00e1ria de Machico informa que, no presente ano letivo, tem paraoferecer um vasto conjunto de projetos, clubes e iniciativas que v\u00e3o al\u00e9m do curr\u00edculo,contribuindo, assim, para o enriquecimento e forma\u00e7\u00e3o pessoal, social e integral dosnossos alunos. Oferta Curricular 2025\/2026 Dinamiza\u00e7\u00e3o CulturalDinamizacao.cultural@gmail.com<\/p>\n","protected":false},"author":1,"featured_media":0,"parent":0,"menu_order":0,"comment_status":"closed","ping_status":"closed","template":"fullwidth.php","meta":{"_themeisle_gutenberg_block_has_review":false,"footnotes":"","_links_to":"","_links_to_target":""},"class_list":["post-226","page","type-page","status-publish","hentry"],"_links":{"self":[{"href":"https:\/\/ebsm.pt\/base\/index.php?rest_route=\/wp\/v2\/pages\/226","targetHints":{"allow":["GET"]}}],"collection":[{"href":"https:\/\/ebsm.pt\/base\/index.php?rest_route=\/wp\/v2\/pages"}],"about":[{"href":"https:\/\/ebsm.pt\/base\/index.php?rest_route=\/wp\/v2\/types\/page"}],"author":[{"embeddable":true,"href":"https:\/\/ebsm.pt\/base\/index.php?rest_route=\/wp\/v2\/users\/1"}],"replies":[{"embeddable":true,"href":"https:\/\/ebsm.pt\/base\/index.php?rest_route=%2Fwp%2Fv2%2Fcomments&post=226"}],"version-history":[{"count":26,"href":"https:\/\/ebsm.pt\/base\/index.php?rest_route=\/wp\/v2\/pages\/226\/revisions"}],"predecessor-version":[{"id":7425,"href":"https:\/\/ebsm.pt\/base\/index.php?rest_route=\/wp\/v2\/pages\/226\/revisions\/7425"}],"wp:attachment":[{"href":"https:\/\/ebsm.pt\/base\/index.php?rest_route=%2Fwp%2Fv2%2Fmedia&parent=226"}],"curies":[{"name":"wp","href":"https:\/\/api.w.org\/{rel}","templated":true}]}}