
{"id":232,"date":"2019-10-21T22:53:41","date_gmt":"2019-10-21T22:53:41","guid":{"rendered":"https:\/\/ebsm.pt\/base\/?page_id=232"},"modified":"2020-01-07T14:01:54","modified_gmt":"2020-01-07T14:01:54","slug":"bares","status":"publish","type":"page","link":"https:\/\/ebsm.pt\/base\/?page_id=232","title":{"rendered":"Bares"},"content":{"rendered":"\n<p class=\"has-text-color has-large-font-size has-vivid-green-cyan-color\"><strong>NORTE<\/strong><\/p>\n\n\n\n<p><strong>Bar dos professores<\/strong><\/p>\n\n\n\n<figure class=\"wp-block-image size-large\"><img loading=\"lazy\" decoding=\"async\" width=\"600\" height=\"207\" src=\"https:\/\/ebsm.pt\/base\/wp-content\/uploads\/2020\/01\/BarProfNorte-3.jpg\" alt=\"\" class=\"wp-image-878\" srcset=\"https:\/\/ebsm.pt\/base\/wp-content\/uploads\/2020\/01\/BarProfNorte-3.jpg 600w, https:\/\/ebsm.pt\/base\/wp-content\/uploads\/2020\/01\/BarProfNorte-3-300x104.jpg 300w\" sizes=\"auto, (max-width: 600px) 100vw, 600px\" \/><\/figure>\n\n\n\n<p><strong>Hor\u00e1rio de atendimento<\/strong><br>09:00-12:15 &#8211;  14:00-17:15<\/p>\n\n\n\n<p><strong>Bar dos alunos<\/strong><\/p>\n\n\n\n<figure class=\"wp-block-image size-large\"><img loading=\"lazy\" decoding=\"async\" width=\"600\" height=\"207\" src=\"https:\/\/ebsm.pt\/base\/wp-content\/uploads\/2020\/01\/BarAlunosNorte-1.jpg\" alt=\"\" class=\"wp-image-872\" srcset=\"https:\/\/ebsm.pt\/base\/wp-content\/uploads\/2020\/01\/BarAlunosNorte-1.jpg 600w, https:\/\/ebsm.pt\/base\/wp-content\/uploads\/2020\/01\/BarAlunosNorte-1-300x104.jpg 300w\" sizes=\"auto, (max-width: 600px) 100vw, 600px\" \/><\/figure>\n\n\n\n<p><strong>Hor\u00e1rio de atendimento<\/strong><br>Per\u00edodo Diurno  &#8211;   09:00 &#8211; 17:15<br>Per\u00edodo Noturno  &#8211;  19:00 &#8211; 21:30 <\/p>\n\n\n\n<p class=\"has-text-color has-large-font-size has-vivid-cyan-blue-color\"><strong>SUL<\/strong><\/p>\n\n\n\n<p><strong>Bar dos professores<\/strong><\/p>\n\n\n\n<figure class=\"wp-block-image size-large\"><img loading=\"lazy\" decoding=\"async\" width=\"600\" height=\"207\" src=\"https:\/\/ebsm.pt\/base\/wp-content\/uploads\/2020\/01\/BarProfSul.jpg\" alt=\"\" class=\"wp-image-880\" srcset=\"https:\/\/ebsm.pt\/base\/wp-content\/uploads\/2020\/01\/BarProfSul.jpg 600w, https:\/\/ebsm.pt\/base\/wp-content\/uploads\/2020\/01\/BarProfSul-300x104.jpg 300w\" sizes=\"auto, (max-width: 600px) 100vw, 600px\" \/><\/figure>\n\n\n\n<p><strong>Hor\u00e1rio de atendimento<\/strong><br>09:00-12:15 &#8211;  14:00-17:15<\/p>\n\n\n\n<p><strong>Bar dos alunos<\/strong><\/p>\n\n\n\n<figure class=\"wp-block-image size-large\"><img loading=\"lazy\" decoding=\"async\" width=\"600\" height=\"207\" src=\"https:\/\/ebsm.pt\/base\/wp-content\/uploads\/2020\/01\/BarAlunosSul.jpg\" alt=\"\" class=\"wp-image-870\" srcset=\"https:\/\/ebsm.pt\/base\/wp-content\/uploads\/2020\/01\/BarAlunosSul.jpg 600w, https:\/\/ebsm.pt\/base\/wp-content\/uploads\/2020\/01\/BarAlunosSul-300x104.jpg 300w\" sizes=\"auto, (max-width: 600px) 100vw, 600px\" \/><\/figure>\n\n\n\n<p><strong>Hor\u00e1rio de atendimento<\/strong><br>Per\u00edodo Diurno  &#8211;  09:00 &#8211; 17:15  &#8211; 2.\u00aa, 3.\u00aa, 5.\u00aa, 6.\u00aa feira<br>Per\u00edodo Diurno  &#8211;  09:00 &#8211; 16:00  &#8211; 4.\u00aa feira <br><br>Per\u00edodo Noturno &#8211;  19:00 &#8211; 21:30  <\/p>\n\n\n<p><!--EndFragment--><\/p>\n\n\n<p><\/p>\n","protected":false},"excerpt":{"rendered":"<p>NORTE Bar dos professores Hor\u00e1rio de atendimento09:00-12:15 &#8211; 14:00-17:15 Bar dos alunos Hor\u00e1rio de atendimentoPer\u00edodo Diurno &#8211; 09:00 &#8211; 17:15Per\u00edodo Noturno &#8211; 19:00 &#8211; 21:30 SUL Bar dos professores Hor\u00e1rio de atendimento09:00-12:15 &#8211; 14:00-17:15 Bar dos alunos Hor\u00e1rio de atendimentoPer\u00edodo Diurno &#8211; 09:00 &#8211; 17:15 &#8211; 2.\u00aa, 3.\u00aa, 5.\u00aa, 6.\u00aa<\/p>\n","protected":false},"author":1,"featured_media":0,"parent":0,"menu_order":0,"comment_status":"closed","ping_status":"closed","template":"","meta":{"_themeisle_gutenberg_block_has_review":false,"footnotes":"","_links_to":"","_links_to_target":""},"class_list":["post-232","page","type-page","status-publish","hentry"],"_links":{"self":[{"href":"https:\/\/ebsm.pt\/base\/index.php?rest_route=\/wp\/v2\/pages\/232","targetHints":{"allow":["GET"]}}],"collection":[{"href":"https:\/\/ebsm.pt\/base\/index.php?rest_route=\/wp\/v2\/pages"}],"about":[{"href":"https:\/\/ebsm.pt\/base\/index.php?rest_route=\/wp\/v2\/types\/page"}],"author":[{"embeddable":true,"href":"https:\/\/ebsm.pt\/base\/index.php?rest_route=\/wp\/v2\/users\/1"}],"replies":[{"embeddable":true,"href":"https:\/\/ebsm.pt\/base\/index.php?rest_route=%2Fwp%2Fv2%2Fcomments&post=232"}],"version-history":[{"count":24,"href":"https:\/\/ebsm.pt\/base\/index.php?rest_route=\/wp\/v2\/pages\/232\/revisions"}],"predecessor-version":[{"id":885,"href":"https:\/\/ebsm.pt\/base\/index.php?rest_route=\/wp\/v2\/pages\/232\/revisions\/885"}],"wp:attachment":[{"href":"https:\/\/ebsm.pt\/base\/index.php?rest_route=%2Fwp%2Fv2%2Fmedia&parent=232"}],"curies":[{"name":"wp","href":"https:\/\/api.w.org\/{rel}","templated":true}]}}