
{"id":248,"date":"2019-10-21T22:55:57","date_gmt":"2019-10-21T22:55:57","guid":{"rendered":"https:\/\/ebsm.pt\/base\/?page_id=248"},"modified":"2025-01-08T13:55:32","modified_gmt":"2025-01-08T13:55:32","slug":"contactos-gerais","status":"publish","type":"page","link":"https:\/\/ebsm.pt\/base\/?page_id=248","title":{"rendered":"Contactos gerais"},"content":{"rendered":"\n<div class=\"su-gmap su-u-responsive-media-yes\"><iframe loading=\"lazy\" width=\"600\" height=\"400\" src=\"\/\/maps.google.com\/maps?q=%20Estrada%20Trist%C3%A3o%20Vaz%20Teixeira%20n%C2%BA%2039%2C%20%209200-146%20%20Machico&amp;output=embed\" title=\"\"><\/iframe><\/div>\n\n\n\n<p class=\"has-medium-font-size\"><strong>Endere\u00e7o<\/strong><\/p>\n\n\n\n<p><strong>Escola B\u00e1sica e Secund\u00e1ria de Machico<br><\/strong>Estrada Trist\u00e3o Vaz Teixeira, n\u00ba 39.<br>Machico,  Portugal<br>9200-146<\/p>\n\n\n\n<p>E-mail: ebsmachico@edu.madeira.gov.pt<br>Telefone geral: 291 969 250<\/p>\n","protected":false},"excerpt":{"rendered":"<p>Endere\u00e7o Escola B\u00e1sica e Secund\u00e1ria de MachicoEstrada Trist\u00e3o Vaz Teixeira, n\u00ba 39.Machico, Portugal9200-146 E-mail: ebsmachico@edu.madeira.gov.ptTelefone geral: 291 969 250<\/p>\n","protected":false},"author":1,"featured_media":0,"parent":0,"menu_order":0,"comment_status":"closed","ping_status":"closed","template":"page-rightsb.php","meta":{"_themeisle_gutenberg_block_has_review":false,"footnotes":"","_links_to":"","_links_to_target":""},"class_list":["post-248","page","type-page","status-publish","hentry"],"_links":{"self":[{"href":"https:\/\/ebsm.pt\/base\/index.php?rest_route=\/wp\/v2\/pages\/248","targetHints":{"allow":["GET"]}}],"collection":[{"href":"https:\/\/ebsm.pt\/base\/index.php?rest_route=\/wp\/v2\/pages"}],"about":[{"href":"https:\/\/ebsm.pt\/base\/index.php?rest_route=\/wp\/v2\/types\/page"}],"author":[{"embeddable":true,"href":"https:\/\/ebsm.pt\/base\/index.php?rest_route=\/wp\/v2\/users\/1"}],"replies":[{"embeddable":true,"href":"https:\/\/ebsm.pt\/base\/index.php?rest_route=%2Fwp%2Fv2%2Fcomments&post=248"}],"version-history":[{"count":10,"href":"https:\/\/ebsm.pt\/base\/index.php?rest_route=\/wp\/v2\/pages\/248\/revisions"}],"predecessor-version":[{"id":6989,"href":"https:\/\/ebsm.pt\/base\/index.php?rest_route=\/wp\/v2\/pages\/248\/revisions\/6989"}],"wp:attachment":[{"href":"https:\/\/ebsm.pt\/base\/index.php?rest_route=%2Fwp%2Fv2%2Fmedia&parent=248"}],"curies":[{"name":"wp","href":"https:\/\/api.w.org\/{rel}","templated":true}]}}