
{"id":266,"date":"2019-10-21T23:05:23","date_gmt":"2019-10-21T23:05:23","guid":{"rendered":"https:\/\/ebsm.pt\/base\/?page_id=266"},"modified":"2019-10-25T21:54:44","modified_gmt":"2019-10-25T21:54:44","slug":"a-ebsm","status":"publish","type":"page","link":"https:\/\/ebsm.pt\/base\/?page_id=266","title":{"rendered":"Carateriza\u00e7\u00e3o do meio"},"content":{"rendered":"\n<p>A\nEscola B\u00e1sica e Secund\u00e1ria de Machico (EBSM) localiza-se na sede do concelho de\nMachico. Este concelho, situado na zona mais a este da Ilha da Madeira, tem uma\n\u00e1rea de 68,3 Km<sup>2<\/sup> e \u00e9 constitu\u00eddo por cinco freguesias: \u00c1gua de Pena,\nSanto Ant\u00f3nio da Serra, Cani\u00e7al, Machico e Porto da Cruz.<\/p>\n\n\n\n<figure class=\"wp-block-image\"><img decoding=\"async\" src=\"https:\/\/ebsm.pt\/base\/wp-content\/uploads\/2019\/10\/EBSM1-1024x473.png\" alt=\"\" class=\"wp-image-319\"\/><\/figure>\n\n\n\n<p>Para\nfazer a caracteriza\u00e7\u00e3o socioecon\u00f3mica do concelho foram recolhidos dados dos\ncensos de 2011 e dos dados estat\u00edsticos da Dire\u00e7\u00e3o Regional de Estat\u00edstica, bem\ncomo dos relat\u00f3rios PORDATA. <\/p>\n\n\n\n<p>Em 2011, existiam cerca de 21\u00a0652 habitantes no concelho, e em 2017 o n\u00famero de residentes era cerca de 20 363. A popula\u00e7\u00e3o tem vindo a diminuir devido a v\u00e1rias raz\u00f5es, sendo uma delas a baixa natalidade. O n\u00famero de nascimentos em 2001 foi 287 e em 2017 foi 136. O saldo natural em Machico em 2001 era de +100, enquanto em 2017 foi -74, e o \u00edndice de fecundidade passou para 1,2.<\/p>\n\n\n\n<p>\n\nFonte: PORDATA\n\n<\/p>\n\n\n\n<figure class=\"wp-block-image\"><img loading=\"lazy\" decoding=\"async\" width=\"600\" height=\"361\" src=\"https:\/\/ebsm.pt\/base\/wp-content\/uploads\/2019\/10\/EBSM2.jpg\" alt=\"\" class=\"wp-image-320\" srcset=\"https:\/\/ebsm.pt\/base\/wp-content\/uploads\/2019\/10\/EBSM2.jpg 600w, https:\/\/ebsm.pt\/base\/wp-content\/uploads\/2019\/10\/EBSM2-300x181.jpg 300w\" sizes=\"auto, (max-width: 600px) 100vw, 600px\" \/><\/figure>\n\n\n\n<p>\n\nFonte: PORDATA\n\n<\/p>\n\n\n\n<figure class=\"wp-block-image\"><img loading=\"lazy\" decoding=\"async\" width=\"1021\" height=\"577\" src=\"https:\/\/ebsm.pt\/base\/wp-content\/uploads\/2019\/10\/EBSM3.png\" alt=\"\" class=\"wp-image-321\" srcset=\"https:\/\/ebsm.pt\/base\/wp-content\/uploads\/2019\/10\/EBSM3.png 1021w, https:\/\/ebsm.pt\/base\/wp-content\/uploads\/2019\/10\/EBSM3-300x170.png 300w, https:\/\/ebsm.pt\/base\/wp-content\/uploads\/2019\/10\/EBSM3-768x434.png 768w\" sizes=\"auto, (max-width: 1021px) 100vw, 1021px\" \/><\/figure>\n\n\n\n<p>No\ngr\u00e1fico seguinte podemos verificar que a popula\u00e7\u00e3o em idade ativa no concelho\nde Machico tem vindo a aumentar passando de 68,5%, em 2001, para 71,4%, em\n2017. A popula\u00e7\u00e3o jovem com menos de 15 anos, entre 2001 e 2017, tem vindo a\ndiminuir, em 2001 era de 19,9 % e em 2017 era de 12,6%.<\/p>\n\n\n\n<p>Relativamente\naos benefici\u00e1rios do subs\u00eddio de desemprego em 2001 foi de 0,1 %, em 2011 de\n4,2% e em 2016 3,6%. Em 2011, neste concelho 4,3% da popula\u00e7\u00e3o recebia rendimento\nsocial de inser\u00e7\u00e3o e em 2017 este valor ficou pelos 2,4%. <\/p>\n\n\n\n<figure class=\"wp-block-image\"><img loading=\"lazy\" decoding=\"async\" width=\"1024\" height=\"583\" src=\"https:\/\/ebsm.pt\/base\/wp-content\/uploads\/2019\/10\/EBSM4-1024x583.png\" alt=\"\" class=\"wp-image-322\" srcset=\"https:\/\/ebsm.pt\/base\/wp-content\/uploads\/2019\/10\/EBSM4-1024x583.png 1024w, https:\/\/ebsm.pt\/base\/wp-content\/uploads\/2019\/10\/EBSM4-300x171.png 300w, https:\/\/ebsm.pt\/base\/wp-content\/uploads\/2019\/10\/EBSM4-768x437.png 768w, https:\/\/ebsm.pt\/base\/wp-content\/uploads\/2019\/10\/EBSM4.png 1035w\" sizes=\"auto, (max-width: 1024px) 100vw, 1024px\" \/><\/figure>\n\n\n\n<p>No\nconcelho de Machico predominam as atividades do <a href=\"http:\/\/pt.wikipedia.org\/wiki\/Setor_terci%C3%A1rio\">setor terci\u00e1rio<\/a>, cerca de 5 719 trabalhadores em\natividades de natureza social e atividade econ\u00f3mica. Com menos trabalhadores\nsurgem os setores secund\u00e1rio, 1 896 trabalhadores, e o sector prim\u00e1rio, cerca\nde 446 trabalhadores.<\/p>\n\n\n\n<figure class=\"wp-block-image\"><img loading=\"lazy\" decoding=\"async\" width=\"748\" height=\"457\" src=\"https:\/\/ebsm.pt\/base\/wp-content\/uploads\/2019\/10\/EBSM5.jpg\" alt=\"\" class=\"wp-image-323\" srcset=\"https:\/\/ebsm.pt\/base\/wp-content\/uploads\/2019\/10\/EBSM5.jpg 748w, https:\/\/ebsm.pt\/base\/wp-content\/uploads\/2019\/10\/EBSM5-300x183.jpg 300w\" sizes=\"auto, (max-width: 748px) 100vw, 748px\" \/><\/figure>\n\n\n\n<figure class=\"wp-block-image\"><img loading=\"lazy\" decoding=\"async\" width=\"938\" height=\"494\" src=\"https:\/\/ebsm.pt\/base\/wp-content\/uploads\/2019\/10\/EBSM6.jpg\" alt=\"\" class=\"wp-image-324\" srcset=\"https:\/\/ebsm.pt\/base\/wp-content\/uploads\/2019\/10\/EBSM6.jpg 938w, https:\/\/ebsm.pt\/base\/wp-content\/uploads\/2019\/10\/EBSM6-300x158.jpg 300w, https:\/\/ebsm.pt\/base\/wp-content\/uploads\/2019\/10\/EBSM6-768x404.jpg 768w\" sizes=\"auto, (max-width: 938px) 100vw, 938px\" \/><\/figure>\n\n\n\n<p>A taxa de analfabetismo\ntem vindo a diminuir desde 1981, no entanto, continua a ser relevante, rondando\nos 8%, sendo que 2 336 indiv\u00edduos n\u00e3o t\u00eam nenhum n\u00edvel de escolaridade. <\/p>\n\n\n\n<figure class=\"wp-block-image\"><img loading=\"lazy\" decoding=\"async\" width=\"788\" height=\"518\" src=\"https:\/\/ebsm.pt\/base\/wp-content\/uploads\/2019\/10\/EBSM7.jpg\" alt=\"\" class=\"wp-image-325\" srcset=\"https:\/\/ebsm.pt\/base\/wp-content\/uploads\/2019\/10\/EBSM7.jpg 788w, https:\/\/ebsm.pt\/base\/wp-content\/uploads\/2019\/10\/EBSM7-300x197.jpg 300w, https:\/\/ebsm.pt\/base\/wp-content\/uploads\/2019\/10\/EBSM7-768x505.jpg 768w\" sizes=\"auto, (max-width: 788px) 100vw, 788px\" \/><\/figure>\n\n\n\n<p><strong>Espa\u00e7os ou institui\u00e7\u00f5es do Concelho\nde Machico<\/strong><\/p>\n\n\n\n<p>Existem\nneste concelho v\u00e1rios locais e institui\u00e7\u00f5es de interesse pedag\u00f3gico, educativo\ne cultural de que a escola pode e deve dispor para enriquecer a pr\u00e1tica\npedag\u00f3gica. Muitas destas infraestruturas foram criadas recentemente e ter\u00e3o\nmaior aproveitamento gra\u00e7as ao desenvolvimento da rede rodovi\u00e1ria. <\/p>\n\n\n\n<p><strong>Locais<\/strong><\/p>\n\n\n\n<ul class=\"wp-block-list\"><li>Aqueduto\ndo Engenho;<\/li><li>Ba\u00eda\nd\u2019Abra;<\/li><li>Biblioteca\nMunicipal;<\/li><li>Cais\nde Machico \u2013 Desembarcadouro;<\/li><li>Caminho\ndo Sardinha \u2013 Ponta de S\u00e3o Louren\u00e7o;<\/li><li>Capela\nda Piedade;<\/li><li>Capela\ne Largo de S\u00e3o Roque;<\/li><li>Capela\nda Gra\u00e7a;<\/li><li>Engenho\ndo Porto da Cruz;<\/li><li>Fonten\u00e1rios;<\/li><li>Forte\nde Nossa Senhora do Amparo;<\/li><li>Forte\nde S\u00e3o Jo\u00e3o Baptista;<\/li><li>Fortim\ndo Porto da Cruz;<\/li><li>Funduras;<\/li><li>Furnas\ndo Cavalum;<\/li><li>Igrejas\ndo Concelho de Machico;<\/li><li>Levadas\ndo Concelho de Machico;<\/li><li>Miradouros;<\/li><li>Ponte\nda Ribeira Natal;<\/li><li>Quinta\nda Junta do Santo da Serra;<\/li><li>Solares\ndo concelho de Machico.<\/li><\/ul>\n\n\n\n<p><strong>Institui\u00e7\u00f5es\necon\u00f3micas e socioculturais<\/strong><\/p>\n\n\n\n<figure class=\"wp-block-image\"><img loading=\"lazy\" decoding=\"async\" width=\"1024\" height=\"527\" src=\"https:\/\/ebsm.pt\/base\/wp-content\/uploads\/2019\/10\/EBSM8-1024x527.png\" alt=\"\" class=\"wp-image-326\" srcset=\"https:\/\/ebsm.pt\/base\/wp-content\/uploads\/2019\/10\/EBSM8-1024x527.png 1024w, https:\/\/ebsm.pt\/base\/wp-content\/uploads\/2019\/10\/EBSM8-300x154.png 300w, https:\/\/ebsm.pt\/base\/wp-content\/uploads\/2019\/10\/EBSM8-768x395.png 768w\" sizes=\"auto, (max-width: 1024px) 100vw, 1024px\" \/><\/figure>\n","protected":false},"excerpt":{"rendered":"<p>A Escola B\u00e1sica e Secund\u00e1ria de Machico (EBSM) localiza-se na sede do concelho de Machico. Este concelho, situado na zona mais a este da Ilha da Madeira, tem uma \u00e1rea de 68,3 Km2 e \u00e9 constitu\u00eddo por cinco freguesias: \u00c1gua de Pena, Santo Ant\u00f3nio da Serra, Cani\u00e7al, Machico e Porto<\/p>\n","protected":false},"author":1,"featured_media":0,"parent":0,"menu_order":0,"comment_status":"closed","ping_status":"closed","template":"","meta":{"_themeisle_gutenberg_block_has_review":false,"footnotes":"","_links_to":"","_links_to_target":""},"class_list":["post-266","page","type-page","status-publish","hentry"],"_links":{"self":[{"href":"https:\/\/ebsm.pt\/base\/index.php?rest_route=\/wp\/v2\/pages\/266","targetHints":{"allow":["GET"]}}],"collection":[{"href":"https:\/\/ebsm.pt\/base\/index.php?rest_route=\/wp\/v2\/pages"}],"about":[{"href":"https:\/\/ebsm.pt\/base\/index.php?rest_route=\/wp\/v2\/types\/page"}],"author":[{"embeddable":true,"href":"https:\/\/ebsm.pt\/base\/index.php?rest_route=\/wp\/v2\/users\/1"}],"replies":[{"embeddable":true,"href":"https:\/\/ebsm.pt\/base\/index.php?rest_route=%2Fwp%2Fv2%2Fcomments&post=266"}],"version-history":[{"count":7,"href":"https:\/\/ebsm.pt\/base\/index.php?rest_route=\/wp\/v2\/pages\/266\/revisions"}],"predecessor-version":[{"id":450,"href":"https:\/\/ebsm.pt\/base\/index.php?rest_route=\/wp\/v2\/pages\/266\/revisions\/450"}],"wp:attachment":[{"href":"https:\/\/ebsm.pt\/base\/index.php?rest_route=%2Fwp%2Fv2%2Fmedia&parent=266"}],"curies":[{"name":"wp","href":"https:\/\/api.w.org\/{rel}","templated":true}]}}