
{"id":3955,"date":"2021-09-01T15:10:56","date_gmt":"2021-09-01T15:10:56","guid":{"rendered":"https:\/\/ebsm.pt\/base\/?page_id=3955"},"modified":"2021-09-01T15:10:57","modified_gmt":"2021-09-01T15:10:57","slug":"lista-de-atividades-publicadas","status":"publish","type":"page","link":"https:\/\/ebsm.pt\/base\/?page_id=3955","title":{"rendered":"Lista de atividades publicadas"},"content":{"rendered":"\n<div class=\"wp-block-group\"><div class=\"wp-block-group__inner-container is-layout-flow wp-block-group-is-layout-flow\"><ul class=\"display-posts-listing\"><li class=\"listing-item\"><a class=\"title\" href=\"https:\/\/ebsm.pt\/base\/?p=7713\">Visita ao Observat\u00f3rio Meteorol\u00f3gico do Funchal<\/a> <span class=\"date\">--- 27-03-2026 - ( 20:20:12)<\/span><\/li><li class=\"listing-item\"><a class=\"title\" href=\"https:\/\/ebsm.pt\/base\/?p=7507\">Pres\u00e9pio tecnol\u00f3gico da EBSM<\/a> <span class=\"date\">--- 18-12-2025 - ( 20:56:26)<\/span><\/li><li class=\"listing-item\"><a class=\"title\" href=\"https:\/\/ebsm.pt\/base\/?p=7497\">EBSM | Celebra o Dia Internacional dos Direitos Humanos<\/a> <span class=\"date\">--- 18-12-2025 - ( 20:53:45)<\/span><\/li><li class=\"listing-item\"><a class=\"title\" href=\"https:\/\/ebsm.pt\/base\/?p=7485\">Palestra \u201cGambling e Detetives em A\u00e7\u00e3o\u201d<\/a> <span class=\"date\">--- 12-12-2025 - ( 12:59:17)<\/span><\/li><li class=\"listing-item\"><a class=\"title\" href=\"https:\/\/ebsm.pt\/base\/?p=7434\">Projeto Inspiring Future<\/a> <span class=\"date\">--- 03-11-2025 - ( 18:35:40)<\/span><\/li><li class=\"listing-item\"><a class=\"title\" href=\"https:\/\/ebsm.pt\/base\/?p=7301\">Visita de Estudo \u00e0 Baixa do Funchal \u2013 Patrim\u00f3nio, Espa\u00e7o e Transforma\u00e7\u00e3o<\/a> <span class=\"date\">--- 10-06-2025 - ( 11:17:20)<\/span><\/li><li class=\"listing-item\"><a class=\"title\" href=\"https:\/\/ebsm.pt\/base\/?p=7270\">Semana das Tecnologias<\/a> <span class=\"date\">--- 26-05-2025 - ( 16:44:29)<\/span><\/li><li class=\"listing-item\"><a class=\"title\" href=\"https:\/\/ebsm.pt\/base\/?p=7181\">Exposi\u00e7\u00e3o &#8220;Objetos do c\u00e9u profundo&#8221;<\/a> <span class=\"date\">--- 06-05-2025 - ( 19:55:35)<\/span><\/li><li class=\"listing-item\"><a class=\"title\" href=\"https:\/\/ebsm.pt\/base\/?p=7174\">Os Lus\u00edadas e a Astronomia<\/a> <span class=\"date\">--- 06-05-2025 - ( 19:51:19)<\/span><\/li><li class=\"listing-item\"><a class=\"title\" href=\"https:\/\/ebsm.pt\/base\/?p=7140\">O dia Mundial da \u00c1gua<\/a> <span class=\"date\">--- 30-03-2025 - ( 20:03:29)<\/span><\/li><li class=\"listing-item\"><a class=\"title\" href=\"https:\/\/ebsm.pt\/base\/?p=7126\">12\u00ba4 visita a Bordal \u2013 Bordados da Madeira<\/a> <span class=\"date\">--- 24-03-2025 - ( 11:48:18)<\/span><\/li><li class=\"listing-item\"><a class=\"title\" href=\"https:\/\/ebsm.pt\/base\/?p=7061\">Cartaz &#8211; exposi\u00e7\u00e3o de Hist\u00f3ria<\/a> <span class=\"date\">--- 24-02-2025 - ( 21:48:35)<\/span><\/li><li class=\"listing-item\"><a class=\"title\" href=\"https:\/\/ebsm.pt\/base\/?p=7011\">Projeto\u00a0: Semear Sa\u00fade, Colher Sorrisos<\/a> <span class=\"date\">--- 31-01-2025 - ( 19:19:16)<\/span><\/li><li class=\"listing-item\"><a class=\"title\" href=\"https:\/\/ebsm.pt\/base\/?p=6980\">\u201cN\u00e3o s\u00e3o migrantes; s\u00e3o pessoas\u201d<\/a> <span class=\"date\">--- 07-01-2025 - ( 14:54:12)<\/span><\/li><li class=\"listing-item\"><a class=\"title\" href=\"https:\/\/ebsm.pt\/base\/?p=6940\">Natal digital na EBSM<\/a> <span class=\"date\">--- 11-12-2024 - ( 17:40:41)<\/span><\/li><li class=\"listing-item\"><a class=\"title\" href=\"https:\/\/ebsm.pt\/base\/?p=6906\">Ponto e V\u00edrgula&#8217; esteve na EBS de Machico!<\/a> <span class=\"date\">--- 18-11-2024 - ( 23:05:37)<\/span><\/li><li class=\"listing-item\"><a class=\"title\" href=\"https:\/\/ebsm.pt\/base\/?p=6885\">Inspiring Future na EBSM&#8230;<\/a> <span class=\"date\">--- 07-11-2024 - ( 12:52:44)<\/span><\/li><li class=\"listing-item\"><a class=\"title\" href=\"https:\/\/ebsm.pt\/base\/?p=6876\">Halloween<\/a> <span class=\"date\">--- 02-11-2024 - ( 22:25:08)<\/span><\/li><li class=\"listing-item\"><a class=\"title\" href=\"https:\/\/ebsm.pt\/base\/?p=6717\">Semana do Departamento de L\u00ednguas &#8211; 2024<\/a> <span class=\"date\">--- 03-06-2024 - ( 16:39:15)<\/span><\/li><li class=\"listing-item\"><a class=\"title\" href=\"https:\/\/ebsm.pt\/base\/?p=6696\">Visita de Estudo ao Jardim Tropical e Museu Monte Palace<\/a> <span class=\"date\">--- 31-05-2024 - ( 07:47:51)<\/span><\/li><li class=\"listing-item\"><a class=\"title\" href=\"https:\/\/ebsm.pt\/base\/?p=6678\">Reflex\u00e3o da Luz<\/a> <span class=\"date\">--- 19-05-2024 - ( 21:34:46)<\/span><\/li><li class=\"listing-item\"><a class=\"title\" href=\"https:\/\/ebsm.pt\/base\/?p=6594\">Funchal \u2013 Um Estudo de Caso<\/a> <span class=\"date\">--- 11-05-2024 - ( 11:48:12)<\/span><\/li><li class=\"listing-item\"><a class=\"title\" href=\"https:\/\/ebsm.pt\/base\/?p=6576\">Semana das Tecnologias<\/a> <span class=\"date\">--- 06-05-2024 - ( 16:41:37)<\/span><\/li><li class=\"listing-item\"><a class=\"title\" href=\"https:\/\/ebsm.pt\/base\/?p=6475\">Alguns trabalhos dos alunos &#8211; Semana das Express\u00f5es 2024<\/a> <span class=\"date\">--- 07-04-2024 - ( 16:45:05)<\/span><\/li><li class=\"listing-item\"><a class=\"title\" href=\"https:\/\/ebsm.pt\/base\/?p=6439\">Semana das express\u00f5es 2024<\/a> <span class=\"date\">--- 17-03-2024 - ( 22:50:29)<\/span><\/li><li class=\"listing-item\"><a class=\"title\" href=\"https:\/\/ebsm.pt\/base\/?p=6355\">A eletricidade<\/a> <span class=\"date\">--- 22-02-2024 - ( 20:32:07)<\/span><\/li><li class=\"listing-item\"><a class=\"title\" href=\"https:\/\/ebsm.pt\/base\/?p=6339\">C\u00e9lula &#8211; Unidade B\u00e1sica da Vida<\/a> <span class=\"date\">--- 21-02-2024 - ( 19:29:56)<\/span><\/li><li class=\"listing-item\"><a class=\"title\" href=\"https:\/\/ebsm.pt\/base\/?p=6330\">Semana do Departamento das Ci\u00eancias Exatas e da Natureza<\/a> <span class=\"date\">--- 16-02-2024 - ( 22:38:31)<\/span><\/li><li class=\"listing-item\"><a class=\"title\" href=\"https:\/\/ebsm.pt\/base\/?p=6323\">Dia\u00a0da Internet Segura<\/a> <span class=\"date\">--- 16-02-2024 - ( 20:55:31)<\/span><\/li><li class=\"listing-item\"><a class=\"title\" href=\"https:\/\/ebsm.pt\/base\/?p=6285\">Projeto SSCS \u2013 \u201cSemear Sa\u00fade, Colher Sorrisos\u201d \u00a0<\/a> <span class=\"date\">--- 23-01-2024 - ( 22:44:18)<\/span><\/li><\/ul>\n<\/div><\/div>\n","protected":false},"excerpt":{"rendered":"","protected":false},"author":1,"featured_media":0,"parent":0,"menu_order":0,"comment_status":"closed","ping_status":"closed","template":"","meta":{"_themeisle_gutenberg_block_has_review":false,"footnotes":"","_links_to":"","_links_to_target":""},"class_list":["post-3955","page","type-page","status-publish","hentry"],"_links":{"self":[{"href":"https:\/\/ebsm.pt\/base\/index.php?rest_route=\/wp\/v2\/pages\/3955","targetHints":{"allow":["GET"]}}],"collection":[{"href":"https:\/\/ebsm.pt\/base\/index.php?rest_route=\/wp\/v2\/pages"}],"about":[{"href":"https:\/\/ebsm.pt\/base\/index.php?rest_route=\/wp\/v2\/types\/page"}],"author":[{"embeddable":true,"href":"https:\/\/ebsm.pt\/base\/index.php?rest_route=\/wp\/v2\/users\/1"}],"replies":[{"embeddable":true,"href":"https:\/\/ebsm.pt\/base\/index.php?rest_route=%2Fwp%2Fv2%2Fcomments&post=3955"}],"version-history":[{"count":1,"href":"https:\/\/ebsm.pt\/base\/index.php?rest_route=\/wp\/v2\/pages\/3955\/revisions"}],"predecessor-version":[{"id":3956,"href":"https:\/\/ebsm.pt\/base\/index.php?rest_route=\/wp\/v2\/pages\/3955\/revisions\/3956"}],"wp:attachment":[{"href":"https:\/\/ebsm.pt\/base\/index.php?rest_route=%2Fwp%2Fv2%2Fmedia&parent=3955"}],"curies":[{"name":"wp","href":"https:\/\/api.w.org\/{rel}","templated":true}]}}