
{"id":6258,"date":"2024-01-11T22:45:15","date_gmt":"2024-01-11T22:45:15","guid":{"rendered":"https:\/\/ebsm.pt\/base\/?page_id=6258"},"modified":"2024-03-14T13:13:25","modified_gmt":"2024-03-14T13:13:25","slug":"manuais-digitais","status":"publish","type":"page","link":"https:\/\/ebsm.pt\/base\/?page_id=6258","title":{"rendered":"Manuais digitais"},"content":{"rendered":"\n<p><a href=\"https:\/\/ebsm.pt\/base\/wp-content\/uploads\/2024\/03\/regulamento-da-utilizacao-dos-tablets-novo.pdf\" target=\"_blank\" rel=\"noreferrer noopener\">Regulamento da utiliza\u00e7\u00e3o dos tablets<\/a><\/p>\n\n\n\n<p>Normas de utiliza\u00e7\u00e3o do Equipamento &#8211; <a href=\"https:\/\/ebsm.pt\/base\/wp-content\/uploads\/2024\/03\/Normas-de-utilizacao-e-perfis-de-seguranca.pdf\" target=\"_blank\" rel=\"noreferrer noopener\">Autoriza\u00e7\u00f5es<\/a><\/p>\n\n\n\n<h2 class=\"wp-block-heading\">Termos de responsabilidade:<\/h2>\n\n\n\n<p><strong><a href=\"https:\/\/ebsm.pt\/base\/wp-content\/uploads\/2024\/03\/Termo_responsabilidade_FINAL-Machico-2Ciclo.pdf\" target=\"_blank\" rel=\"noreferrer noopener\">2.\u00ba ciclo<\/a> | <a href=\"https:\/\/ebsm.pt\/base\/wp-content\/uploads\/2024\/03\/Termo_responsabilidade_FINAL-Machico-3Ciclo.pdf\" target=\"_blank\" rel=\"noreferrer noopener\">3.\u00ba ciclo<\/a> | <a href=\"https:\/\/ebsm.pt\/base\/wp-content\/uploads\/2024\/03\/Termo_responsabilidade_FINAL-Machico-Sec10.pdf\" target=\"_blank\" rel=\"noreferrer noopener\">10.\u00ba ano<\/a> | <a href=\"https:\/\/ebsm.pt\/base\/wp-content\/uploads\/2024\/03\/Termo_responsabilidade_FINAL-Machico-Sec11.pdf\" target=\"_blank\" rel=\"noreferrer noopener\">11.\u00ba ano<\/a><\/strong><\/p>\n\n\n\n<figure class=\"wp-block-image size-large\"><img loading=\"lazy\" decoding=\"async\" width=\"1024\" height=\"83\" src=\"https:\/\/ebsm.pt\/base\/wp-content\/uploads\/2024\/01\/image-1024x83.png\" alt=\"\" class=\"wp-image-6259\" srcset=\"https:\/\/ebsm.pt\/base\/wp-content\/uploads\/2024\/01\/image-1024x83.png 1024w, https:\/\/ebsm.pt\/base\/wp-content\/uploads\/2024\/01\/image-300x24.png 300w, https:\/\/ebsm.pt\/base\/wp-content\/uploads\/2024\/01\/image-768x62.png 768w, https:\/\/ebsm.pt\/base\/wp-content\/uploads\/2024\/01\/image.png 1225w\" sizes=\"auto, (max-width: 1024px) 100vw, 1024px\" \/><\/figure>\n","protected":false},"excerpt":{"rendered":"<p>Regulamento da utiliza\u00e7\u00e3o dos tablets Normas de utiliza\u00e7\u00e3o do Equipamento &#8211; Autoriza\u00e7\u00f5es Termos de responsabilidade: 2.\u00ba ciclo | 3.\u00ba ciclo | 10.\u00ba ano | 11.\u00ba ano<\/p>\n","protected":false},"author":1,"featured_media":0,"parent":0,"menu_order":0,"comment_status":"closed","ping_status":"closed","template":"","meta":{"_themeisle_gutenberg_block_has_review":false,"footnotes":"","_links_to":"","_links_to_target":""},"class_list":["post-6258","page","type-page","status-publish","hentry"],"_links":{"self":[{"href":"https:\/\/ebsm.pt\/base\/index.php?rest_route=\/wp\/v2\/pages\/6258","targetHints":{"allow":["GET"]}}],"collection":[{"href":"https:\/\/ebsm.pt\/base\/index.php?rest_route=\/wp\/v2\/pages"}],"about":[{"href":"https:\/\/ebsm.pt\/base\/index.php?rest_route=\/wp\/v2\/types\/page"}],"author":[{"embeddable":true,"href":"https:\/\/ebsm.pt\/base\/index.php?rest_route=\/wp\/v2\/users\/1"}],"replies":[{"embeddable":true,"href":"https:\/\/ebsm.pt\/base\/index.php?rest_route=%2Fwp%2Fv2%2Fcomments&post=6258"}],"version-history":[{"count":4,"href":"https:\/\/ebsm.pt\/base\/index.php?rest_route=\/wp\/v2\/pages\/6258\/revisions"}],"predecessor-version":[{"id":6426,"href":"https:\/\/ebsm.pt\/base\/index.php?rest_route=\/wp\/v2\/pages\/6258\/revisions\/6426"}],"wp:attachment":[{"href":"https:\/\/ebsm.pt\/base\/index.php?rest_route=%2Fwp%2Fv2%2Fmedia&parent=6258"}],"curies":[{"name":"wp","href":"https:\/\/api.w.org\/{rel}","templated":true}]}}