
{"id":66,"date":"2019-10-17T22:26:08","date_gmt":"2019-10-17T22:26:08","guid":{"rendered":"https:\/\/ebsm.pt\/base\/?page_id=66"},"modified":"2023-11-03T08:24:01","modified_gmt":"2023-11-03T08:24:01","slug":"distribuicao-de-cargos","status":"publish","type":"page","link":"https:\/\/ebsm.pt\/base\/?page_id=66","title":{"rendered":"Distribui\u00e7\u00e3o de cargos"},"content":{"rendered":"\n<figure class=\"wp-block-image size-large is-resized\"><img decoding=\"async\" src=\"https:\/\/ebsm.pt\/base\/wp-content\/uploads\/2020\/01\/coordenador.jpeg\" alt=\"\" class=\"wp-image-849\" style=\"width:424px;height:221px\"\/><\/figure>\n\n\n\n<p><strong>Distribui\u00e7\u00e3o de Cargos<\/strong><br><strong>Assessora do 2.\u00ba ciclo:<\/strong> Arminda Concei\u00e7\u00e3o Rodrigues Martins;<br><strong>Assessora do 3.\u00ba ciclo:<\/strong> Clotilde Assun\u00e7\u00e3o Matos N\u00f3brega;<br><strong>Assessora do Secund\u00e1rio:<\/strong> Ana Rosa de Freitas Freitas;<br><strong>Coordenador do 2.\u00ba ciclo:<\/strong> Carla Emanuela Triunfante Sousa;<br><strong>Coordenador do 3.\u00ba ciclo: <\/strong>Teresa Maria Silva Sardinha Passos;<br><strong>Coordenador do Secund\u00e1rio:<\/strong> Z\u00f3zima Maria Afonseca;<br><strong>Coordenado da Sec\u00e7\u00e3o de Forma\u00e7\u00e3o:<\/strong> Maria M\u00f3nica Pontes Sousa da Silva Gouveia;<br><strong>Dinamizadores Culturais:<\/strong> Carla Ribeiro e Ricardo Aleixo Barata Crespo;<br><strong>Representante dos cursos EFA&#8217;s:<\/strong> Maria de F\u00e1tima Fernandes Gouveia Roque;<br><strong>Coordenador de Hor\u00e1rios:<\/strong> Maria Alice Freitas Olim Abreu;<br><strong>Coordenador da Autoavalia\u00e7\u00e3o da Escola:<\/strong> Gracinda Gouveia Santos;<br><strong>Coordenador do Desporto Escolar:<\/strong> Jo\u00e3o Carlos Amaral dos Santos;<br><strong>Coordenador do Ensino Profissional:<\/strong> Maria Elizabete Sousa Perestrelo;<br><strong>Coordenador dos Manuais Digitais 2.\u00ba e 3.\u00ba ciclos: <\/strong>Teresa Dolores Correia Neto Silva;<br><strong>Coordenador dos Manuais Digitais Secund\u00e1rio: <\/strong>Marco Filipe Andrade Gon\u00e7alves;<br><strong>Coordenador EMAEI: <\/strong>Arminda da Concei\u00e7\u00e3o Rodrigues Martins.<br><br><strong>Coordenadores de Departamento<\/strong><br><strong>L\u00cdNGUAS: <\/strong>Paula Cristina Vasconcelos Vieira Noia;<br><strong>CI\u00caNCIAS HUMANAS E SOCIAIS:<\/strong> Cristina Margarida Fontes Duarte;<br><strong>CI\u00caNCIAS EXACTAS E DA NATUREZA:<\/strong> Emanuel Lu\u00eds Fernandes;<br><strong>TECNOLOGIAS:<\/strong> Maria Eug\u00e9nia Ca\u00edres Natividade Baptista;<br><strong>EXPRESS\u00d5ES:<\/strong> Marisa Carmo Roque Fernandes.<\/p>\n","protected":false},"excerpt":{"rendered":"<p>Distribui\u00e7\u00e3o de CargosAssessora do 2.\u00ba ciclo: Arminda Concei\u00e7\u00e3o Rodrigues Martins;Assessora do 3.\u00ba ciclo: Clotilde Assun\u00e7\u00e3o Matos N\u00f3brega;Assessora do Secund\u00e1rio: Ana Rosa de Freitas Freitas;Coordenador do 2.\u00ba ciclo: Carla Emanuela Triunfante Sousa;Coordenador do 3.\u00ba ciclo: Teresa Maria Silva Sardinha Passos;Coordenador do Secund\u00e1rio: Z\u00f3zima Maria Afonseca;Coordenado da Sec\u00e7\u00e3o de Forma\u00e7\u00e3o: Maria M\u00f3nica<\/p>\n","protected":false},"author":1,"featured_media":0,"parent":0,"menu_order":0,"comment_status":"closed","ping_status":"closed","template":"page-rightsb.php","meta":{"_themeisle_gutenberg_block_has_review":false,"footnotes":"","_links_to":"","_links_to_target":""},"class_list":["post-66","page","type-page","status-publish","hentry"],"_links":{"self":[{"href":"https:\/\/ebsm.pt\/base\/index.php?rest_route=\/wp\/v2\/pages\/66","targetHints":{"allow":["GET"]}}],"collection":[{"href":"https:\/\/ebsm.pt\/base\/index.php?rest_route=\/wp\/v2\/pages"}],"about":[{"href":"https:\/\/ebsm.pt\/base\/index.php?rest_route=\/wp\/v2\/types\/page"}],"author":[{"embeddable":true,"href":"https:\/\/ebsm.pt\/base\/index.php?rest_route=\/wp\/v2\/users\/1"}],"replies":[{"embeddable":true,"href":"https:\/\/ebsm.pt\/base\/index.php?rest_route=%2Fwp%2Fv2%2Fcomments&post=66"}],"version-history":[{"count":8,"href":"https:\/\/ebsm.pt\/base\/index.php?rest_route=\/wp\/v2\/pages\/66\/revisions"}],"predecessor-version":[{"id":6163,"href":"https:\/\/ebsm.pt\/base\/index.php?rest_route=\/wp\/v2\/pages\/66\/revisions\/6163"}],"wp:attachment":[{"href":"https:\/\/ebsm.pt\/base\/index.php?rest_route=%2Fwp%2Fv2%2Fmedia&parent=66"}],"curies":[{"name":"wp","href":"https:\/\/api.w.org\/{rel}","templated":true}]}}