
{"id":837,"date":"2020-01-02T22:15:46","date_gmt":"2020-01-02T22:15:46","guid":{"rendered":"https:\/\/ebsm.pt\/base\/?page_id=837"},"modified":"2026-04-12T18:01:21","modified_gmt":"2026-04-12T18:01:21","slug":"ementa-semanal","status":"publish","type":"page","link":"https:\/\/ebsm.pt\/base\/?page_id=837","title":{"rendered":"Ementa Semanal"},"content":{"rendered":"\n<p class=\"has-text-align-center\"><strong>Almo\u00e7os &#8211; Prato Completo<\/strong><\/p>\n\n\n\n<figure class=\"wp-block-image size-large\"><img loading=\"lazy\" decoding=\"async\" width=\"1024\" height=\"271\" src=\"https:\/\/ebsm.pt\/base\/wp-content\/uploads\/2023\/04\/image-1-1024x271.png\" alt=\"\" class=\"wp-image-5739\" srcset=\"https:\/\/ebsm.pt\/base\/wp-content\/uploads\/2023\/04\/image-1-1024x271.png 1024w, https:\/\/ebsm.pt\/base\/wp-content\/uploads\/2023\/04\/image-1-300x79.png 300w, https:\/\/ebsm.pt\/base\/wp-content\/uploads\/2023\/04\/image-1-768x203.png 768w, https:\/\/ebsm.pt\/base\/wp-content\/uploads\/2023\/04\/image-1.png 1047w\" sizes=\"auto, (max-width: 1024px) 100vw, 1024px\" \/><\/figure>\n\n\n\n<p><\/p>\n\n\n\n<p><strong>A reserva das refei\u00e7\u00f5es tamb\u00e9m pode ser efetuada no quiosque.<\/strong><\/p>\n\n\n\n<p><\/p>\n\n\n\n<p><strong>SEMANA<\/strong><\/p>\n\n\n\n<p class=\"has-text-align-center\"><strong>Segunda-feira &#8211;<\/strong> 13-04-2026<\/p>\n\n\n\n<figure class=\"wp-block-table is-style-stripes\"><table class=\"has-black-color has-text-color has-fixed-layout\"><tbody><tr><td>Sopa<\/td><td>Sopa de legumes<\/td><\/tr><tr><td>Prato <\/td><td>Empad\u00e3o de atum c\/salada<\/td><\/tr><tr><td>Sobremesa <\/td><td>Fruta<\/td><\/tr><\/tbody><\/table><\/figure>\n\n\n\n<p class=\"has-text-align-center\"><strong>Ter\u00e7a-feira &#8211;<\/strong> 14-04-2026<\/p>\n\n\n\n<figure class=\"wp-block-table is-style-stripes\"><table class=\"has-fixed-layout\"><tbody><tr><td>Sopa<\/td><td>Sopa de tomate<\/td><\/tr><tr><td>Prato<\/td><td>Lombo de porco c\/massa e verduras<\/td><\/tr><tr><td>Sobremesa<\/td><td>Gelatina<\/td><\/tr><\/tbody><\/table><\/figure>\n\n\n\n<p class=\"has-text-align-center\"><strong>Quarta-feira &#8211; <\/strong>15-04-2026<\/p>\n\n\n\n<figure class=\"wp-block-table is-style-stripes\"><table class=\"has-black-color has-text-color has-fixed-layout\"><tbody><tr><td>Sopa<\/td><td>Sopa de trigo<\/td><\/tr><tr><td>Prato <\/td><td>Macarr\u00e3o guisado<\/td><\/tr><tr><td>Sobremesa <\/td><td>Fruta<\/td><\/tr><\/tbody><\/table><\/figure>\n\n\n\n<p class=\"has-text-align-center\"><strong>Quinta-feira &#8211; <\/strong>16-04-2026<\/p>\n\n\n\n<figure class=\"wp-block-table is-style-stripes\"><table class=\"has-fixed-layout\"><tbody><tr><td>Sopa<\/td><td>Sopa de br\u00f3colos<\/td><\/tr><tr><td>Prato<\/td><td>Cherne c\/arroz e salada<\/td><\/tr><tr><td>Sobremesa<\/td><td>Gelatina<\/td><\/tr><\/tbody><\/table><\/figure>\n\n\n\n<p class=\"has-text-align-center\"><strong>Sexta-feira &#8211; <\/strong>17-04-2026<\/p>\n\n\n\n<figure class=\"wp-block-table is-style-stripes\"><table class=\"has-black-color has-text-color has-fixed-layout\"><tbody><tr><td>Sopa<\/td><td>Caldo verde<\/td><\/tr><tr><td>Prato <\/td><td>Hamburguer c\/ arroz e verduras<\/td><\/tr><tr><td>Sobremesa <\/td><td>Fruta<\/td><\/tr><\/tbody><\/table><\/figure>\n\n\n\n<p><strong>Nota:<\/strong> ementa sujeita a altera\u00e7\u00e3o.<\/p>\n\n\n\n<p><\/p>\n\n\n\n<p><\/p>\n","protected":false},"excerpt":{"rendered":"<p>Almo\u00e7os &#8211; Prato Completo A reserva das refei\u00e7\u00f5es tamb\u00e9m pode ser efetuada no quiosque. SEMANA Segunda-feira &#8211; 13-04-2026 Sopa Sopa de legumes Prato Empad\u00e3o de atum c\/salada Sobremesa Fruta Ter\u00e7a-feira &#8211; 14-04-2026 Sopa Sopa de tomate Prato Lombo de porco c\/massa e verduras Sobremesa Gelatina Quarta-feira &#8211; 15-04-2026 Sopa Sopa<\/p>\n","protected":false},"author":1,"featured_media":0,"parent":0,"menu_order":0,"comment_status":"closed","ping_status":"closed","template":"page-rightsb.php","meta":{"_themeisle_gutenberg_block_has_review":false,"footnotes":"","_links_to":"","_links_to_target":""},"class_list":["post-837","page","type-page","status-publish","hentry"],"_links":{"self":[{"href":"https:\/\/ebsm.pt\/base\/index.php?rest_route=\/wp\/v2\/pages\/837","targetHints":{"allow":["GET"]}}],"collection":[{"href":"https:\/\/ebsm.pt\/base\/index.php?rest_route=\/wp\/v2\/pages"}],"about":[{"href":"https:\/\/ebsm.pt\/base\/index.php?rest_route=\/wp\/v2\/types\/page"}],"author":[{"embeddable":true,"href":"https:\/\/ebsm.pt\/base\/index.php?rest_route=\/wp\/v2\/users\/1"}],"replies":[{"embeddable":true,"href":"https:\/\/ebsm.pt\/base\/index.php?rest_route=%2Fwp%2Fv2%2Fcomments&post=837"}],"version-history":[{"count":263,"href":"https:\/\/ebsm.pt\/base\/index.php?rest_route=\/wp\/v2\/pages\/837\/revisions"}],"predecessor-version":[{"id":7724,"href":"https:\/\/ebsm.pt\/base\/index.php?rest_route=\/wp\/v2\/pages\/837\/revisions\/7724"}],"wp:attachment":[{"href":"https:\/\/ebsm.pt\/base\/index.php?rest_route=%2Fwp%2Fv2%2Fmedia&parent=837"}],"curies":[{"name":"wp","href":"https:\/\/api.w.org\/{rel}","templated":true}]}}