
{"id":857,"date":"2019-06-07T13:02:00","date_gmt":"2019-06-07T13:02:00","guid":{"rendered":"https:\/\/ebsm.pt\/base\/?page_id=857"},"modified":"2020-04-02T00:11:31","modified_gmt":"2020-04-02T00:11:31","slug":"informacoes-avisos","status":"publish","type":"page","link":"https:\/\/ebsm.pt\/base\/?page_id=857","title":{"rendered":"Informa\u00e7\u00f5es\/avisos"},"content":{"rendered":"\n<div class=\"wp-block-group\"><div class=\"wp-block-group__inner-container is-layout-flow wp-block-group-is-layout-flow\"><ul class=\"display-posts-listing\"><li class=\"listing-item\"><a class=\"title\" href=\"https:\/\/ebsm.pt\/base\/?p=7747\">\u201cMatem\u00e1tica e Esperan\u00e7a: entre os dados e o futuro\u201d<\/a> <span class=\"date\">--- 13-04-2026 - ( 22:11:55)<\/span><\/li><li class=\"listing-item\"><a class=\"title\" href=\"https:\/\/ebsm.pt\/base\/?p=7727\">Madalena Ven\u00e2ncio Costa, jovem atleta portuguesa&#8230;<\/a> <span class=\"date\">--- 12-04-2026 - ( 19:31:30)<\/span><\/li><li class=\"listing-item\"><a class=\"title\" href=\"https:\/\/ebsm.pt\/base\/?p=7399\">Rece\u00e7\u00e3o aos alunos de 5.\u00ba ano &#8211; 2026-26<\/a> <span class=\"date\">--- 05-09-2025 - ( 19:47:46)<\/span><\/li><li class=\"listing-item\"><a class=\"title\" href=\"https:\/\/ebsm.pt\/base\/wp-content\/uploads\/2025\/06\/Pass_Social_24-25.pdf\">Passe Social 4_23 &#8211; Renova\u00e7\u00e3o\/emiss\u00e3o para o ano letivo 2025\/2025<\/a> <span class=\"date\">--- 30-06-2025 - ( 23:08:28)<\/span><\/li><li class=\"listing-item\"><a class=\"title\" href=\"https:\/\/ebsm.pt\/base\/?p=7305\">Campeonato escolar supertmatik 24\/25 \u2013 C\u00e1lculo mental<\/a> <span class=\"date\">--- 20-06-2025 - ( 10:07:07)<\/span><\/li><li class=\"listing-item\"><a class=\"title\" href=\"https:\/\/ebsm.pt\/base\/?p=7218\">Informa\u00e7\u00f5es &#8211; prova 2024-205 Exames de Equival\u00eancia \u00e0 Frequ\u00eancia<\/a> <span class=\"date\">--- 22-05-2025 - ( 10:28:07)<\/span><\/li><li class=\"listing-item\"><a class=\"title\" href=\"https:\/\/ebsm.pt\/base\/?p=7081\">Inscri\u00e7\u00f5es provas e exames &#8211; Secund\u00e1rio 2025<\/a> <span class=\"date\">--- 07-03-2025 - ( 16:38:55)<\/span><\/li><li class=\"listing-item\"><a class=\"title\" href=\"https:\/\/ebsm.pt\/base\/?p=6980\">\u201cN\u00e3o s\u00e3o migrantes; s\u00e3o pessoas\u201d<\/a> <span class=\"date\">--- 07-01-2025 - ( 14:54:12)<\/span><\/li><li class=\"listing-item\"><a class=\"title\" href=\"https:\/\/ebsm.pt\/base\/?p=6825\">Informa\u00e7\u00f5es para os alunos &#8211; in\u00edcio do ano letivo 2024\/2025<\/a> <span class=\"date\">--- 04-09-2024 - ( 10:52:33)<\/span><\/li><li class=\"listing-item\"><a class=\"title\" href=\"https:\/\/ebsm.pt\/base\/?p=6817\">Rela\u00e7\u00e3o dos livros a atribuir aos alunos com subs\u00eddio de A.S.E.<\/a> <span class=\"date\">--- 22-08-2024 - ( 11:30:26)<\/span><\/li><li class=\"listing-item\"><a class=\"title\" href=\"https:\/\/ebsm.pt\/base\/?p=6812\">Entrega dos Manuais Escolares para o ano letivo 2024-2025<\/a> <span class=\"date\">--- 22-08-2024 - ( 11:27:04)<\/span><\/li><li class=\"listing-item\"><a class=\"title\" href=\"https:\/\/ebsm.pt\/base\/?p=6808\">Entrega de Manuais Escolares do ano anterior<\/a> <span class=\"date\">--- 22-08-2024 - ( 11:21:14)<\/span><\/li><li class=\"listing-item\"><a class=\"title\" href=\"https:\/\/ebsm.pt\/base\/?p=2412\">Passe escolar para o ano letivo 2024\/2025<\/a> <span class=\"date\">--- 21-06-2024 - ( 08:24:40)<\/span><\/li><li class=\"listing-item\"><a class=\"title\" href=\"https:\/\/ebsm.pt\/base\/wp-content\/uploads\/2025\/05\/Matriculas-2025-2026.pdf\">Matr\u00edculas e renova\u00e7\u00e3o de matr\u00edculas 2025-2026<\/a> <span class=\"date\">--- 07-06-2024 - ( 08:00:41)<\/span><\/li><\/ul>\n<\/div><\/div>\n","protected":false},"excerpt":{"rendered":"","protected":false},"author":1,"featured_media":0,"parent":0,"menu_order":0,"comment_status":"closed","ping_status":"closed","template":"","meta":{"_themeisle_gutenberg_block_has_review":false,"footnotes":"","_links_to":"","_links_to_target":""},"class_list":["post-857","page","type-page","status-publish","hentry"],"_links":{"self":[{"href":"https:\/\/ebsm.pt\/base\/index.php?rest_route=\/wp\/v2\/pages\/857","targetHints":{"allow":["GET"]}}],"collection":[{"href":"https:\/\/ebsm.pt\/base\/index.php?rest_route=\/wp\/v2\/pages"}],"about":[{"href":"https:\/\/ebsm.pt\/base\/index.php?rest_route=\/wp\/v2\/types\/page"}],"author":[{"embeddable":true,"href":"https:\/\/ebsm.pt\/base\/index.php?rest_route=\/wp\/v2\/users\/1"}],"replies":[{"embeddable":true,"href":"https:\/\/ebsm.pt\/base\/index.php?rest_route=%2Fwp%2Fv2%2Fcomments&post=857"}],"version-history":[{"count":83,"href":"https:\/\/ebsm.pt\/base\/index.php?rest_route=\/wp\/v2\/pages\/857\/revisions"}],"predecessor-version":[{"id":2023,"href":"https:\/\/ebsm.pt\/base\/index.php?rest_route=\/wp\/v2\/pages\/857\/revisions\/2023"}],"wp:attachment":[{"href":"https:\/\/ebsm.pt\/base\/index.php?rest_route=%2Fwp%2Fv2%2Fmedia&parent=857"}],"curies":[{"name":"wp","href":"https:\/\/api.w.org\/{rel}","templated":true}]}}