
{"id":91,"date":"2019-10-17T22:48:43","date_gmt":"2019-10-17T22:48:43","guid":{"rendered":"https:\/\/ebsm.pt\/base\/?page_id=91"},"modified":"2024-11-14T13:03:42","modified_gmt":"2024-11-14T13:03:42","slug":"regulamento-interno","status":"publish","type":"page","link":"https:\/\/ebsm.pt\/base\/?page_id=91","title":{"rendered":"Regulamento Interno"},"content":{"rendered":"\n<p>Com a aprova\u00e7\u00e3o e entrada em vigor do novo regime de autonomia e gest\u00e3o das escolas, houve a necessidade de dot\u00e1-las de instrumentos legais que permitam  uma regulamenta\u00e7\u00e3o, o mais eficaz poss\u00edvel, de toda a  viv\u00eancia escolar.<\/p>\n\n\n\n<p>O regulamento interno da escola  \u00e9 o documento que define o regime de funcionamento da mesma, de cada um dos seus \u00f3rg\u00e3os de administra\u00e7\u00e3o e gest\u00e3o, estruturas de gest\u00e3o interm\u00e9dia e dos servi\u00e7os, bem como os direitos e os deveres dos membros da comunidade escolar, com respeito pelos princ\u00edpios defendidos no regime legal da autonomia das escolas de acordo com a Lei de Bases do Sistema  Educativo e mais legisla\u00e7\u00e3o aplic\u00e1vel.<\/p>\n\n\n\n<p>No entanto, esta defini\u00e7\u00e3o n\u00e3o \u00e9 exaustiva, mas sim, o fio condutor a partir do qual se orientar\u00e1 a vida da escola e seus intervenientes.<\/p>\n\n\n\n<p>\u00c9 nesta sequ\u00eancia que surge o Regulamento Interno da Escola B\u00e1sica e Secund\u00e1ria de Machico, como um instrumento regulador, colocado ao dispor de todos os elementos da comunidade educativa, bem como de todos aqueles que recorrem \u00e0 escola ou a ela acedem.<\/p>\n\n\n\n<p>A aplica\u00e7\u00e3o do presente regulamento deve contribuir para a melhoria das rela\u00e7\u00f5es entre os membros da comunidade educativa, n\u00e3o podendo ser encarado como um documento r\u00edgido, mas sim como um indicador, respeitado por todos, mas a partir do qual, os v\u00e1rios \u00f3rg\u00e3os, estruturas interm\u00e9dias, servi\u00e7o e comunidade escolar em geral  poder\u00e3o definir o seu percurso ideal.<\/p>\n\n\n\n<p>Consultar <a href=\"https:\/\/ebsm.pt\/base\/wp-content\/uploads\/2024\/11\/REGULAMENTO-2017-2018-Aprovado-19-julho-2017.pdf\" data-type=\"link\" data-id=\"https:\/\/ebsm.pt\/base\/wp-content\/uploads\/2024\/11\/REGULAMENTO-2017-2018-Aprovado-19-julho-2017.pdf\" target=\"_blank\" rel=\"noreferrer noopener\">Regulamento Interno<\/a> (19 de julho de 2017).<\/p>\n\n\n\n<p><\/p>\n","protected":false},"excerpt":{"rendered":"<p>Com a aprova\u00e7\u00e3o e entrada em vigor do novo regime de autonomia e gest\u00e3o das escolas, houve a necessidade de dot\u00e1-las de instrumentos legais que permitam uma regulamenta\u00e7\u00e3o, o mais eficaz poss\u00edvel, de toda a viv\u00eancia escolar. O regulamento interno da escola \u00e9 o documento que define o regime de<\/p>\n","protected":false},"author":1,"featured_media":0,"parent":0,"menu_order":0,"comment_status":"closed","ping_status":"closed","template":"","meta":{"_themeisle_gutenberg_block_has_review":false,"footnotes":"","_links_to":"","_links_to_target":""},"class_list":["post-91","page","type-page","status-publish","hentry"],"_links":{"self":[{"href":"https:\/\/ebsm.pt\/base\/index.php?rest_route=\/wp\/v2\/pages\/91","targetHints":{"allow":["GET"]}}],"collection":[{"href":"https:\/\/ebsm.pt\/base\/index.php?rest_route=\/wp\/v2\/pages"}],"about":[{"href":"https:\/\/ebsm.pt\/base\/index.php?rest_route=\/wp\/v2\/types\/page"}],"author":[{"embeddable":true,"href":"https:\/\/ebsm.pt\/base\/index.php?rest_route=\/wp\/v2\/users\/1"}],"replies":[{"embeddable":true,"href":"https:\/\/ebsm.pt\/base\/index.php?rest_route=%2Fwp%2Fv2%2Fcomments&post=91"}],"version-history":[{"count":5,"href":"https:\/\/ebsm.pt\/base\/index.php?rest_route=\/wp\/v2\/pages\/91\/revisions"}],"predecessor-version":[{"id":6903,"href":"https:\/\/ebsm.pt\/base\/index.php?rest_route=\/wp\/v2\/pages\/91\/revisions\/6903"}],"wp:attachment":[{"href":"https:\/\/ebsm.pt\/base\/index.php?rest_route=%2Fwp%2Fv2%2Fmedia&parent=91"}],"curies":[{"name":"wp","href":"https:\/\/api.w.org\/{rel}","templated":true}]}}