
{"id":96,"date":"2019-10-17T22:52:19","date_gmt":"2019-10-17T22:52:19","guid":{"rendered":"https:\/\/ebsm.pt\/base\/?page_id=96"},"modified":"2026-03-04T11:07:12","modified_gmt":"2026-03-04T11:07:12","slug":"plano-anual-de-escola","status":"publish","type":"page","link":"https:\/\/ebsm.pt\/base\/?page_id=96","title":{"rendered":"Plano Anual de Escola"},"content":{"rendered":"<div class=\"wp-block-image\">\n<figure class=\"aligncenter size-large is-resized\"><img loading=\"lazy\" decoding=\"async\" width=\"987\" height=\"931\" src=\"https:\/\/ebsm.pt\/base\/wp-content\/uploads\/2020\/02\/img-PAE-copy-1.png\" alt=\"\" class=\"wp-image-1129\" style=\"width:281px;height:265px\" srcset=\"https:\/\/ebsm.pt\/base\/wp-content\/uploads\/2020\/02\/img-PAE-copy-1.png 987w, https:\/\/ebsm.pt\/base\/wp-content\/uploads\/2020\/02\/img-PAE-copy-1-300x283.png 300w, https:\/\/ebsm.pt\/base\/wp-content\/uploads\/2020\/02\/img-PAE-copy-1-768x724.png 768w\" sizes=\"auto, (max-width: 987px) 100vw, 987px\" \/><\/figure>\n<\/div>\n\n\n<p>A escola est\u00e1 inserida num quadro de descentraliza\u00e7\u00e3o da administra\u00e7\u00e3o educativa e consequentemente exerce a sua autonomia numa perspetiva de decidir com a comunidade educativa e n\u00e3o sobre a comunidade educativa onde se insere. Nesta destacam-se os princ\u00edpios democr\u00e1ticos de participa\u00e7\u00e3o e de exerc\u00edcio de cidadania e deve refletir a forma como tencionar\u00e1 anualmente organizar as suas atividades de modo a atingir as metas definidas no seu projeto educativo.<\/p>\n\n\n\n<p>Consultar o <a href=\"https:\/\/ebsm.pt\/base\/wp-content\/uploads\/2026\/02\/PLANO-ANUAL-ESCOLA-2025-2026-3.pdf\" data-type=\"URL\" data-id=\"https:\/\/ebsm.pt\/base\/wp-content\/uploads\/2022\/12\/PLANO-ANUAL-ESCOLA-2022-2023-25NOV2022.pdf\" target=\"_blank\" rel=\"noreferrer noopener\">Plano Anual de Escola<\/a> 2025\/2026<\/p>\n\n\n\n<p><\/p>\n","protected":false},"excerpt":{"rendered":"<p>A escola est\u00e1 inserida num quadro de descentraliza\u00e7\u00e3o da administra\u00e7\u00e3o educativa e consequentemente exerce a sua autonomia numa perspetiva de decidir com a comunidade educativa e n\u00e3o sobre a comunidade educativa onde se insere. Nesta destacam-se os princ\u00edpios democr\u00e1ticos de participa\u00e7\u00e3o e de exerc\u00edcio de cidadania e deve refletir a<\/p>\n","protected":false},"author":1,"featured_media":0,"parent":0,"menu_order":0,"comment_status":"closed","ping_status":"closed","template":"","meta":{"_themeisle_gutenberg_block_has_review":false,"footnotes":"","_links_to":"","_links_to_target":""},"class_list":["post-96","page","type-page","status-publish","hentry"],"_links":{"self":[{"href":"https:\/\/ebsm.pt\/base\/index.php?rest_route=\/wp\/v2\/pages\/96","targetHints":{"allow":["GET"]}}],"collection":[{"href":"https:\/\/ebsm.pt\/base\/index.php?rest_route=\/wp\/v2\/pages"}],"about":[{"href":"https:\/\/ebsm.pt\/base\/index.php?rest_route=\/wp\/v2\/types\/page"}],"author":[{"embeddable":true,"href":"https:\/\/ebsm.pt\/base\/index.php?rest_route=\/wp\/v2\/users\/1"}],"replies":[{"embeddable":true,"href":"https:\/\/ebsm.pt\/base\/index.php?rest_route=%2Fwp%2Fv2%2Fcomments&post=96"}],"version-history":[{"count":17,"href":"https:\/\/ebsm.pt\/base\/index.php?rest_route=\/wp\/v2\/pages\/96\/revisions"}],"predecessor-version":[{"id":7538,"href":"https:\/\/ebsm.pt\/base\/index.php?rest_route=\/wp\/v2\/pages\/96\/revisions\/7538"}],"wp:attachment":[{"href":"https:\/\/ebsm.pt\/base\/index.php?rest_route=%2Fwp%2Fv2%2Fmedia&parent=96"}],"curies":[{"name":"wp","href":"https:\/\/api.w.org\/{rel}","templated":true}]}}